{"id":1104,"date":"2015-06-24T17:22:40","date_gmt":"2015-06-24T17:22:40","guid":{"rendered":"http:\/\/musee-aaa.com\/?page_id=1104"},"modified":"2017-03-30T16:05:10","modified_gmt":"2017-03-30T16:05:10","slug":"monnaies-premieres","status":"publish","type":"page","link":"https:\/\/musee-aaa.com\/?page_id=1104","title":{"rendered":"Monnaies premi\u00e8res"},"content":{"rendered":"<p><img loading=\"lazy\" class=\"alignnone wp-image-1102\" src=\"https:\/\/musee-aaa.com\/wp-content\/uploads\/monnaies-web500x670.jpg\" alt=\"monnaies-web500x670\" width=\"564\" height=\"733\" \/><\/p>\n<p style=\"text-align: left;\">La monnaie est universelle, mais il n\u2019y a pas que les pi\u00e8ces ou les billets\u00a0! La vari\u00e9t\u00e9 des formes et des mati\u00e8res est infinie. Si chez certains, la tirelire en forme de cochon symbolise l\u2019argent, chez d\u2019autres, une m\u00e2choire de porc sauvage fera l\u2019affaire.<br \/>\nNotre conception occidentale de la monnaie est une parmi d\u2019autres. Elle en dit beaucoup sur notre repr\u00e9sentation du monde.<\/p>\n<p style=\"text-align: left;\">Dans les soci\u00e9t\u00e9s du Pacifique, les \u00e9changes structurent les soci\u00e9t\u00e9s. La monnaie consolide les relations entre les personnes. Ses significations sociales sont multiples, par exemple les mati\u00e8res d\u2019exception montrent le statut privil\u00e9gi\u00e9 des hommes de pouvoir.<\/p>\n","protected":false},"excerpt":{"rendered":"<p>La monnaie est universelle, mais il n\u2019y a pas que les pi\u00e8ces ou les billets\u00a0! La vari\u00e9t\u00e9 des formes et des mati\u00e8res est infinie. Si chez certains, la tirelire en forme de cochon symbolise l\u2019argent, chez d\u2019autres, une m\u00e2choire de &hellip; <a href=\"https:\/\/musee-aaa.com\/?page_id=1104\">Continuer la lecture <span class=\"meta-nav\">&rarr;<\/span><\/a><\/p>\n","protected":false},"author":1,"featured_media":0,"parent":0,"menu_order":0,"comment_status":"closed","ping_status":"closed","template":"","meta":[],"_links":{"self":[{"href":"https:\/\/musee-aaa.com\/index.php?rest_route=\/wp\/v2\/pages\/1104"}],"collection":[{"href":"https:\/\/musee-aaa.com\/index.php?rest_route=\/wp\/v2\/pages"}],"about":[{"href":"https:\/\/musee-aaa.com\/index.php?rest_route=\/wp\/v2\/types\/page"}],"author":[{"embeddable":true,"href":"https:\/\/musee-aaa.com\/index.php?rest_route=\/wp\/v2\/users\/1"}],"replies":[{"embeddable":true,"href":"https:\/\/musee-aaa.com\/index.php?rest_route=%2Fwp%2Fv2%2Fcomments&post=1104"}],"version-history":[{"count":6,"href":"https:\/\/musee-aaa.com\/index.php?rest_route=\/wp\/v2\/pages\/1104\/revisions"}],"predecessor-version":[{"id":1469,"href":"https:\/\/musee-aaa.com\/index.php?rest_route=\/wp\/v2\/pages\/1104\/revisions\/1469"}],"wp:attachment":[{"href":"https:\/\/musee-aaa.com\/index.php?rest_route=%2Fwp%2Fv2%2Fmedia&parent=1104"}],"curies":[{"name":"wp","href":"https:\/\/api.w.org\/{rel}","templated":true}]}}