{"id":1334,"date":"2016-03-10T14:33:17","date_gmt":"2016-03-10T14:33:17","guid":{"rendered":"http:\/\/musee-aaa.com\/?page_id=1334"},"modified":"2017-03-09T10:21:24","modified_gmt":"2017-03-09T10:21:24","slug":"la-fabrique-des-animaux","status":"publish","type":"page","link":"https:\/\/musee-aaa.com\/?page_id=1334","title":{"rendered":"La fabrique des animaux"},"content":{"rendered":"<p><img loading=\"lazy\" class=\"alignnone size-full wp-image-1326\" src=\"https:\/\/musee-aaa.com\/wp-content\/uploads\/la-fabrique-des-animaux.jpg\" alt=\"la-fabrique-des-animaux\" width=\"490\" height=\"660\" \/><\/p>\n<p>L\u2019Homme et l\u2019Animal entretiennent des liens profonds, leurs mondes s\u2019entrem\u00ealent.\u00a0 L\u2019animal est compagnon du quotidien, monture divine, ou encore cr\u00e9ature fabuleuse issue de l\u2019imagination de l\u2019artiste&#8230;<\/p>\n<p><strong>La fabrique des animaux<\/strong> pose cette question : <strong>qu\u2019est-ce qu\u2019un animal?<\/strong> La r\u00e9ponse varie selon la culture \u00e0 laquelle nous appartenons.<br \/>\nToutes les soci\u00e9t\u00e9s construisent <strong>un univers symbolique<\/strong> autour de l\u2019animal, <strong>pour expliquer le monde, ses origines et situer la place de l\u2019homme dans la nature.<\/strong><\/p>\n<p>A la diff\u00e9rence des animaux, nous sommes des \u00eatres de langage. L\u2019exposition s\u2019appuie donc sur des <strong>r\u00e9cits, l\u00e9gendes et mythes particuliers<\/strong> illustr\u00e9s par des \u0153uvres occidentales, africaines, asiatiques et oc\u00e9aniennes. Les objets, sculptures, peintures, accessoires, costumes, appartiennent aux collections du mus\u00e9e, proviennent d\u2019acquisitions ou de pr\u00eats.<\/p>\n<p><img loading=\"lazy\" class=\"alignnone size-full wp-image-1404\" src=\"https:\/\/musee-aaa.com\/wp-content\/uploads\/CNCS-logo.png\" alt=\"CNCS-logo\" width=\"80\" height=\"116\" \/><\/p>\n","protected":false},"excerpt":{"rendered":"<p>L\u2019Homme et l\u2019Animal entretiennent des liens profonds, leurs mondes s\u2019entrem\u00ealent.\u00a0 L\u2019animal est compagnon du quotidien, monture divine, ou encore cr\u00e9ature fabuleuse issue de l\u2019imagination de l\u2019artiste&#8230; La fabrique des animaux pose cette question : qu\u2019est-ce qu\u2019un animal? La r\u00e9ponse varie &hellip; <a href=\"https:\/\/musee-aaa.com\/?page_id=1334\">Continuer la lecture <span class=\"meta-nav\">&rarr;<\/span><\/a><\/p>\n","protected":false},"author":1,"featured_media":0,"parent":0,"menu_order":0,"comment_status":"closed","ping_status":"closed","template":"","meta":[],"_links":{"self":[{"href":"https:\/\/musee-aaa.com\/index.php?rest_route=\/wp\/v2\/pages\/1334"}],"collection":[{"href":"https:\/\/musee-aaa.com\/index.php?rest_route=\/wp\/v2\/pages"}],"about":[{"href":"https:\/\/musee-aaa.com\/index.php?rest_route=\/wp\/v2\/types\/page"}],"author":[{"embeddable":true,"href":"https:\/\/musee-aaa.com\/index.php?rest_route=\/wp\/v2\/users\/1"}],"replies":[{"embeddable":true,"href":"https:\/\/musee-aaa.com\/index.php?rest_route=%2Fwp%2Fv2%2Fcomments&post=1334"}],"version-history":[{"count":6,"href":"https:\/\/musee-aaa.com\/index.php?rest_route=\/wp\/v2\/pages\/1334\/revisions"}],"predecessor-version":[{"id":1429,"href":"https:\/\/musee-aaa.com\/index.php?rest_route=\/wp\/v2\/pages\/1334\/revisions\/1429"}],"wp:attachment":[{"href":"https:\/\/musee-aaa.com\/index.php?rest_route=%2Fwp%2Fv2%2Fmedia&parent=1334"}],"curies":[{"name":"wp","href":"https:\/\/api.w.org\/{rel}","templated":true}]}}