{"id":1419,"date":"2017-03-08T14:53:21","date_gmt":"2017-03-08T14:53:21","guid":{"rendered":"http:\/\/musee-aaa.com\/?page_id=1419"},"modified":"2020-02-27T15:32:12","modified_gmt":"2020-02-27T15:32:12","slug":"culturoscope","status":"publish","type":"page","link":"https:\/\/musee-aaa.com\/?page_id=1419","title":{"rendered":"Culturoscope 2018"},"content":{"rendered":"<p><img loading=\"lazy\" class=\"alignnone wp-image-1540 size-full\" src=\"https:\/\/musee-aaa.com\/wp-content\/uploads\/Affiche-culturoscope-2018.jpg\" alt=\"\" width=\"500\" height=\"700\" srcset=\"https:\/\/musee-aaa.com\/wp-content\/uploads\/Affiche-culturoscope-2018.jpg 500w, https:\/\/musee-aaa.com\/wp-content\/uploads\/Affiche-culturoscope-2018-490x686.jpg 490w, https:\/\/musee-aaa.com\/wp-content\/uploads\/Affiche-culturoscope-2018-214x300.jpg 214w\" sizes=\"(max-width: 500px) 100vw, 500px\" \/><\/p>\n<p>Les collections extra occidentales du mus\u00e9e racontent l\u2019humain dans sa diversit\u00e9 et \u00e0 travers des questions universelles, sur les origines, la naissance, la beaut\u00e9, le sens du sacr\u00e9.<br \/>\nLes r\u00e9ponses sont multiples. C\u2019est ainsi que les cultures sont n\u00e9es, en s\u2019expliquant le monde, en s\u2019inventant un rapport au temps, \u00e0 la religion, \u00e0 la nature\u2026<\/p>\n<p><strong>Comment jouer au culturoscope ?<\/strong><br \/>\nLes objets des civilisations des 5 continents racontent l\u2019humain. Ils sont pr\u00e9sent\u00e9s en r\u00e9seaux. Chaque \u0153uvre est li\u00e9e \u00e0 la suivante par une histoire.<br \/>\nA vous, visiteur, de trouver un lien !<br \/>\nIl n\u2019y a pas de bonne ou de mauvaise r\u00e9ponse, voir des \u0153uvres diff\u00e9rentes dans le m\u00eame champ visuel \u00e9veille notre imagination, stimule notre m\u00e9moire. Il s\u2019agit de jouer avec l\u2019universalit\u00e9 des formes et des usages.<\/p>\n<p>Toutes les informations sur les \u0153uvres sont accessibles sur les \u00e9crans interactifs au centre de la salle.<\/p>\n<p><img loading=\"lazy\" class=\"alignnone size-full wp-image-1597\" src=\"https:\/\/musee-aaa.com\/wp-content\/uploads\/ecran-culturoscope.jpg\" alt=\"ecran-culturoscope\" width=\"500\" height=\"281\" srcset=\"https:\/\/musee-aaa.com\/wp-content\/uploads\/ecran-culturoscope.jpg 500w, https:\/\/musee-aaa.com\/wp-content\/uploads\/ecran-culturoscope-490x275.jpg 490w\" sizes=\"(max-width: 500px) 100vw, 500px\" \/><\/p>\n<p><strong>Que comprendre de CULTUROSCOPE ?<\/strong><br \/>\nReconnaissons qu\u2019aucune soci\u00e9t\u00e9 n\u2019est sup\u00e9rieure \u00e0 une autre. Certaines civilisations s\u2019\u00e9panouissent dans un lien fort avec la nature, d\u2019autres privil\u00e9gient le d\u00e9veloppement industriel, d\u2019autres transmettent les techniques de ma\u00eetrise de soi et de m\u00e9ditation\u2026<br \/>\nJuger devrait nous \u00eatre impossible, puisque notre culture occidentale nous dirige. La preuve, notre v\u00e9cu personnel, culturel d\u00e9termine notre utilisation du culturoscope.<\/p>\n<p><img loading=\"lazy\" class=\"alignnone size-full wp-image-1451\" src=\"https:\/\/musee-aaa.com\/wp-content\/uploads\/statuette.jpg\" alt=\"statuette\" width=\"500\" height=\"700\" srcset=\"https:\/\/musee-aaa.com\/wp-content\/uploads\/statuette.jpg 500w, https:\/\/musee-aaa.com\/wp-content\/uploads\/statuette-490x686.jpg 490w, https:\/\/musee-aaa.com\/wp-content\/uploads\/statuette-214x300.jpg 214w\" sizes=\"(max-width: 500px) 100vw, 500px\" \/><br \/>\n<em>Mannequin d\u2019acupuncture. Bois, gesso, encre, Chine, province du Hebei, 20\u00e8me si\u00e8cle. Collection Madame Pham Thi Thanh Tu.<\/em><\/p>\n","protected":false},"excerpt":{"rendered":"<p>Les collections extra occidentales du mus\u00e9e racontent l\u2019humain dans sa diversit\u00e9 et \u00e0 travers des questions universelles, sur les origines, la naissance, la beaut\u00e9, le sens du sacr\u00e9. Les r\u00e9ponses sont multiples. C\u2019est ainsi que les cultures sont n\u00e9es, en &hellip; <a href=\"https:\/\/musee-aaa.com\/?page_id=1419\">Continuer la lecture <span class=\"meta-nav\">&rarr;<\/span><\/a><\/p>\n","protected":false},"author":1,"featured_media":0,"parent":0,"menu_order":0,"comment_status":"closed","ping_status":"closed","template":"","meta":[],"_links":{"self":[{"href":"https:\/\/musee-aaa.com\/index.php?rest_route=\/wp\/v2\/pages\/1419"}],"collection":[{"href":"https:\/\/musee-aaa.com\/index.php?rest_route=\/wp\/v2\/pages"}],"about":[{"href":"https:\/\/musee-aaa.com\/index.php?rest_route=\/wp\/v2\/types\/page"}],"author":[{"embeddable":true,"href":"https:\/\/musee-aaa.com\/index.php?rest_route=\/wp\/v2\/users\/1"}],"replies":[{"embeddable":true,"href":"https:\/\/musee-aaa.com\/index.php?rest_route=%2Fwp%2Fv2%2Fcomments&post=1419"}],"version-history":[{"count":14,"href":"https:\/\/musee-aaa.com\/index.php?rest_route=\/wp\/v2\/pages\/1419\/revisions"}],"predecessor-version":[{"id":1780,"href":"https:\/\/musee-aaa.com\/index.php?rest_route=\/wp\/v2\/pages\/1419\/revisions\/1780"}],"wp:attachment":[{"href":"https:\/\/musee-aaa.com\/index.php?rest_route=%2Fwp%2Fv2%2Fmedia&parent=1419"}],"curies":[{"name":"wp","href":"https:\/\/api.w.org\/{rel}","templated":true}]}}