{"id":144,"date":"2012-05-07T14:28:49","date_gmt":"2012-05-07T14:28:49","guid":{"rendered":"http:\/\/musee-aaa.com\/?page_id=144"},"modified":"2017-03-30T16:10:44","modified_gmt":"2017-03-30T16:10:44","slug":"aaaa","status":"publish","type":"page","link":"https:\/\/musee-aaa.com\/?page_id=144","title":{"rendered":"Objets de Curiosit\u00e9"},"content":{"rendered":"<p><img loading=\"lazy\" class=\"size-medium wp-image-154\" src=\"https:\/\/musee-aaa.com\/wp-content\/uploads\/objets-de-curiosite-490x524.jpg\" alt=\"\" width=\"490\" height=\"524\" \/><\/p>\n<p style=\"text-align: left;\"><strong>L\u2019exposition Objets de Curiosit\u00e9 explore les collections \u00e9tonnantes du mus\u00e9e des arts d\u2019Afrique et d\u2019Asie.<\/strong><\/p>\n<p style=\"text-align: left;\">Extrait d\u2019inventaire du mus\u00e9e en 1934 :<\/p>\n<ul style=\"text-align: left;\">\n<li>Bols transform\u00e9s par l\u2019\u00e9ruption du mont Pel\u00e9<\/li>\n<li>Troph\u00e9es de chasse du Mayombe<\/li>\n<li>M\u00e2choire de requin de 40 cm de diam\u00e8tre<\/li>\n<li>Cabinet japonais laqu\u00e9 or et incrust\u00e9 d\u2019ivoire<\/li>\n<li>Parure de chef du Cameroun, vannerie et perles<\/li>\n<li>Maquette de bateau du Normandie<\/li>\n<li>Fossiles du Vietnam<\/li>\n<li>Tortue de Madagascar<\/li>\n<\/ul>\n<p style=\"text-align: left;\">Cet inventaire surr\u00e9aliste raconte notre fascination pour l\u2019Ailleurs et le go\u00fbt europ\u00e9en pour l\u2019accumulation. C\u2019est la longue histoire du regard occidental sur les autres cultures, ces objets que l\u2019on trouve depuis le 16 \u00e8me si\u00e8cle dans les collections europ\u00e9ennes : pourquoi ont ils \u00e9t\u00e9 choisis ? Quel discours portent ils ? La passion de l\u2019objet s\u2019est concr\u00e9tis\u00e9e en Occident dans le mus\u00e9e, lieu de conservation, d\u2019\u00e9ducation, et de d\u00e9lectation selon la d\u00e9finition de l\u2019UNESCO.<\/p>\n<p style=\"text-align: justify;\"><img loading=\"lazy\" class=\"alignnone size-medium wp-image-382\" title=\"\" src=\"https:\/\/musee-aaa.com\/wp-content\/uploads\/objets-curiosite-1-490x302.jpg\" alt=\"\" width=\"490\" height=\"302\" srcset=\"https:\/\/musee-aaa.com\/wp-content\/uploads\/objets-curiosite-1-490x302.jpg 490w, https:\/\/musee-aaa.com\/wp-content\/uploads\/objets-curiosite-1-485x300.jpg 485w, https:\/\/musee-aaa.com\/wp-content\/uploads\/objets-curiosite-1.jpg 660w\" sizes=\"(max-width: 490px) 100vw, 490px\" \/><\/p>\n<p style=\"text-align: justify;\"><img loading=\"lazy\" class=\"alignnone size-medium wp-image-383\" title=\"objets-curiosite-6\" src=\"https:\/\/musee-aaa.com\/wp-content\/uploads\/objets-curiosite-6-490x302.jpg\" alt=\"\" width=\"490\" height=\"302\" srcset=\"https:\/\/musee-aaa.com\/wp-content\/uploads\/objets-curiosite-6-490x302.jpg 490w, https:\/\/musee-aaa.com\/wp-content\/uploads\/objets-curiosite-6-485x300.jpg 485w, https:\/\/musee-aaa.com\/wp-content\/uploads\/objets-curiosite-6.jpg 660w\" sizes=\"(max-width: 490px) 100vw, 490px\" \/><\/p>\n<p style=\"text-align: justify;\"><img loading=\"lazy\" class=\"alignnone size-medium wp-image-384\" src=\"https:\/\/musee-aaa.com\/wp-content\/uploads\/objets-curiosite-3-490x302.jpg\" alt=\"\" width=\"490\" height=\"302\" \/><\/p>\n<p style=\"text-align: justify;\"><img loading=\"lazy\" class=\"alignnone size-medium wp-image-385\" title=\"\" src=\"https:\/\/musee-aaa.com\/wp-content\/uploads\/objets-curiosite-4-490x302.jpg\" alt=\"\" width=\"490\" height=\"302\" srcset=\"https:\/\/musee-aaa.com\/wp-content\/uploads\/objets-curiosite-4-490x302.jpg 490w, https:\/\/musee-aaa.com\/wp-content\/uploads\/objets-curiosite-4-485x300.jpg 485w, https:\/\/musee-aaa.com\/wp-content\/uploads\/objets-curiosite-4.jpg 660w\" sizes=\"(max-width: 490px) 100vw, 490px\" \/><\/p>\n<p style=\"text-align: justify;\"><img loading=\"lazy\" class=\"alignnone size-medium wp-image-386\" title=\"\" src=\"https:\/\/musee-aaa.com\/wp-content\/uploads\/objets-curiosite-5-490x302.jpg\" alt=\"\" width=\"490\" height=\"302\" srcset=\"https:\/\/musee-aaa.com\/wp-content\/uploads\/objets-curiosite-5-490x302.jpg 490w, https:\/\/musee-aaa.com\/wp-content\/uploads\/objets-curiosite-5-485x300.jpg 485w, https:\/\/musee-aaa.com\/wp-content\/uploads\/objets-curiosite-5.jpg 660w\" sizes=\"(max-width: 490px) 100vw, 490px\" \/><\/p>\n","protected":false},"excerpt":{"rendered":"<p>L\u2019exposition Objets de Curiosit\u00e9 explore les collections \u00e9tonnantes du mus\u00e9e des arts d\u2019Afrique et d\u2019Asie. Extrait d\u2019inventaire du mus\u00e9e en 1934 : Bols transform\u00e9s par l\u2019\u00e9ruption du mont Pel\u00e9 Troph\u00e9es de chasse du Mayombe M\u00e2choire de requin de 40 cm &hellip; <a href=\"https:\/\/musee-aaa.com\/?page_id=144\">Continuer la lecture <span class=\"meta-nav\">&rarr;<\/span><\/a><\/p>\n","protected":false},"author":1,"featured_media":0,"parent":0,"menu_order":0,"comment_status":"closed","ping_status":"closed","template":"","meta":[],"_links":{"self":[{"href":"https:\/\/musee-aaa.com\/index.php?rest_route=\/wp\/v2\/pages\/144"}],"collection":[{"href":"https:\/\/musee-aaa.com\/index.php?rest_route=\/wp\/v2\/pages"}],"about":[{"href":"https:\/\/musee-aaa.com\/index.php?rest_route=\/wp\/v2\/types\/page"}],"author":[{"embeddable":true,"href":"https:\/\/musee-aaa.com\/index.php?rest_route=\/wp\/v2\/users\/1"}],"replies":[{"embeddable":true,"href":"https:\/\/musee-aaa.com\/index.php?rest_route=%2Fwp%2Fv2%2Fcomments&post=144"}],"version-history":[{"count":49,"href":"https:\/\/musee-aaa.com\/index.php?rest_route=\/wp\/v2\/pages\/144\/revisions"}],"predecessor-version":[{"id":1481,"href":"https:\/\/musee-aaa.com\/index.php?rest_route=\/wp\/v2\/pages\/144\/revisions\/1481"}],"wp:attachment":[{"href":"https:\/\/musee-aaa.com\/index.php?rest_route=%2Fwp%2Fv2%2Fmedia&parent=144"}],"curies":[{"name":"wp","href":"https:\/\/api.w.org\/{rel}","templated":true}]}}