{"id":1444,"date":"2017-03-24T19:14:38","date_gmt":"2017-03-24T19:14:38","guid":{"rendered":"http:\/\/musee-aaa.com\/?page_id=1444"},"modified":"2017-06-27T10:46:12","modified_gmt":"2017-06-27T10:46:12","slug":"je-suis-beau","status":"publish","type":"page","link":"https:\/\/musee-aaa.com\/?page_id=1444","title":{"rendered":"Je suis beau"},"content":{"rendered":"<p><img loading=\"lazy\" class=\"alignnone size-full wp-image-1440\" src=\"https:\/\/musee-aaa.com\/wp-content\/uploads\/je-suis-beau.jpg\" alt=\"je-suis-beau\" width=\"500\" height=\"700\" srcset=\"https:\/\/musee-aaa.com\/wp-content\/uploads\/je-suis-beau.jpg 500w, https:\/\/musee-aaa.com\/wp-content\/uploads\/je-suis-beau-490x686.jpg 490w, https:\/\/musee-aaa.com\/wp-content\/uploads\/je-suis-beau-214x300.jpg 214w\" sizes=\"(max-width: 500px) 100vw, 500px\" \/><\/p>\n<p>Les esth\u00e9tiques masculines dans le monde. A travers des figures, des parures et des costumes, <strong><em>Je suis beau<\/em><\/strong> pr\u00e9sente diff\u00e9rents \u00e2ges et statuts de l\u2019homme, de l\u2019initiation \u00e0 l\u2019exercice du pouvoir.<\/p>\n<p>&nbsp;<br \/>\n<iframe loading=\"lazy\" src=\"https:\/\/www.youtube.com\/embed\/zprglyvAaJo?rel=0&amp;showinfo=0\" width=\"560\" height=\"315\" frameborder=\"0\" allowfullscreen=\"allowfullscreen\"><\/iframe><\/p>\n<p>Reportage France 3 pour l&rsquo;\u00e9mission \u00ab\u00a09h50 le Matin \u00ab\u00a0.<\/p>\n<p>&nbsp;<br \/>\n<img loading=\"lazy\" class=\"size-full wp-image-1455 alignleft\" src=\"https:\/\/musee-aaa.com\/wp-content\/uploads\/l-inde-sous-la-peau-web.jpg\" alt=\"l-inde-sous-la-peau-web\" width=\"150\" height=\"211\" \/><em>Visuel de l&rsquo;affiche : Chef, Nagaland, Inde, photographie de St\u00e9phane Guillerme tir\u00e9e de son ouvrage <strong>L\u2019Inde sous la peau<\/strong>, 2017.<\/em><\/p>\n","protected":false},"excerpt":{"rendered":"<p>Les esth\u00e9tiques masculines dans le monde. A travers des figures, des parures et des costumes, Je suis beau pr\u00e9sente diff\u00e9rents \u00e2ges et statuts de l\u2019homme, de l\u2019initiation \u00e0 l\u2019exercice du pouvoir. &nbsp; Reportage France 3 pour l&rsquo;\u00e9mission \u00ab\u00a09h50 le Matin &hellip; <a href=\"https:\/\/musee-aaa.com\/?page_id=1444\">Continuer la lecture <span class=\"meta-nav\">&rarr;<\/span><\/a><\/p>\n","protected":false},"author":1,"featured_media":0,"parent":0,"menu_order":0,"comment_status":"closed","ping_status":"closed","template":"","meta":[],"_links":{"self":[{"href":"https:\/\/musee-aaa.com\/index.php?rest_route=\/wp\/v2\/pages\/1444"}],"collection":[{"href":"https:\/\/musee-aaa.com\/index.php?rest_route=\/wp\/v2\/pages"}],"about":[{"href":"https:\/\/musee-aaa.com\/index.php?rest_route=\/wp\/v2\/types\/page"}],"author":[{"embeddable":true,"href":"https:\/\/musee-aaa.com\/index.php?rest_route=\/wp\/v2\/users\/1"}],"replies":[{"embeddable":true,"href":"https:\/\/musee-aaa.com\/index.php?rest_route=%2Fwp%2Fv2%2Fcomments&post=1444"}],"version-history":[{"count":15,"href":"https:\/\/musee-aaa.com\/index.php?rest_route=\/wp\/v2\/pages\/1444\/revisions"}],"predecessor-version":[{"id":1532,"href":"https:\/\/musee-aaa.com\/index.php?rest_route=\/wp\/v2\/pages\/1444\/revisions\/1532"}],"wp:attachment":[{"href":"https:\/\/musee-aaa.com\/index.php?rest_route=%2Fwp%2Fv2%2Fmedia&parent=1444"}],"curies":[{"name":"wp","href":"https:\/\/api.w.org\/{rel}","templated":true}]}}