{"id":1553,"date":"2018-04-17T15:11:55","date_gmt":"2018-04-17T15:11:55","guid":{"rendered":"http:\/\/musee-aaa.com\/?page_id=1553"},"modified":"2018-06-05T12:05:37","modified_gmt":"2018-06-05T12:05:37","slug":"afriques","status":"publish","type":"page","link":"https:\/\/musee-aaa.com\/?page_id=1553","title":{"rendered":"Afriques"},"content":{"rendered":"<p><img loading=\"lazy\" class=\"alignnone size-full wp-image-1555\" src=\"https:\/\/musee-aaa.com\/wp-content\/uploads\/Afriques1.jpg\" alt=\"Afriques\" width=\"500\" height=\"700\" srcset=\"https:\/\/musee-aaa.com\/wp-content\/uploads\/Afriques1.jpg 500w, https:\/\/musee-aaa.com\/wp-content\/uploads\/Afriques1-490x686.jpg 490w, https:\/\/musee-aaa.com\/wp-content\/uploads\/Afriques1-214x300.jpg 214w\" sizes=\"(max-width: 500px) 100vw, 500px\" \/><\/p>\n<p><strong>Collections missionnaires.<\/strong><\/p>\n<p>Gr\u00e2ce au pr\u00eat in\u00e9dit de plusieurs mus\u00e9es, l\u2019exposition questionne la pr\u00e9sence en France d\u2019objets des cultures africaines.<br \/>\nCollect\u00e9s par des missionnaires catholiques et emport\u00e9s sous d\u2019autres regards, pour servir d\u2019autres discours, les objets sont les t\u00e9moins de l\u2019histoire de France : du renouveau missionnaire au 19\u00e8me si\u00e8cle, de la colonisation jusqu\u2019aux Ind\u00e9pendances en 1960.<br \/>\nNous l\u2019oublions, mais notre vision occidentale des cultures africaines est issue de cette histoire. Aujourd\u2019hui, les id\u00e9es re\u00e7ues se sont adapt\u00e9es \u00e0 la modernit\u00e9 et p\u00e8sent toujours sur la compr\u00e9hension de l\u2019autre.<\/p>\n<p>54 pays, des milliers de langues et de cultures\u2026 L\u2019art de la sculpture illustre l\u2019immense r\u00e9pertoire de styles de l\u2019Afrique subsaharienne.<br \/>\nLes objets sont les gardiens de la pens\u00e9e africaine : le visible d\u00e9pend du monde invisible, peupl\u00e9 par les dieux et les esprits. Pour survivre, il faut n\u00e9gocier avec les forces invisibles. Les objets, sacr\u00e9s pour les populations, sont les interm\u00e9diaires entre les mondes.<br \/>\nPlusieurs th\u00e9matiques font la trame de l\u2019exposition : la place centrale de la repr\u00e9sentation du corps humain, la figuration des anc\u00eatres, le rapport avec le monde non civilis\u00e9 \u00e0 l\u2019ext\u00e9rieur du village, le \u00ab f\u00e9tiche \u00bb objet de culte&#8230;<br \/>\nCes sujets correspondent \u00e0 des types d\u2019objets rapport\u00e9s par les missionnaires \u00e0 partir du 19\u00e8me si\u00e8cle.<\/p>\n<p>L\u2019oeuvre graff\u00e9e de Ted Nomad pour street-art-city, Lurcy-L\u00e9vis apporte un regard contemporain sur l\u2019exposition.<\/p>\n<p>Les pr\u00eats viennent du <strong>Mus\u00e9e Africain de Lyon<\/strong>, du <strong>Mus\u00e9e des Confluences<\/strong> o\u00f9 sont d\u00e9pos\u00e9es les \u0153uvres de la <strong>Propagation de la Foi<\/strong> et du <strong>Mus\u00e9e Spiritain d\u2019Allex<\/strong>. Nous les remercions chaleureusement.<\/p>\n","protected":false},"excerpt":{"rendered":"<p>Collections missionnaires. Gr\u00e2ce au pr\u00eat in\u00e9dit de plusieurs mus\u00e9es, l\u2019exposition questionne la pr\u00e9sence en France d\u2019objets des cultures africaines. Collect\u00e9s par des missionnaires catholiques et emport\u00e9s sous d\u2019autres regards, pour servir d\u2019autres discours, les objets sont les t\u00e9moins de l\u2019histoire &hellip; <a href=\"https:\/\/musee-aaa.com\/?page_id=1553\">Continuer la lecture <span class=\"meta-nav\">&rarr;<\/span><\/a><\/p>\n","protected":false},"author":1,"featured_media":0,"parent":0,"menu_order":0,"comment_status":"closed","ping_status":"closed","template":"","meta":[],"_links":{"self":[{"href":"https:\/\/musee-aaa.com\/index.php?rest_route=\/wp\/v2\/pages\/1553"}],"collection":[{"href":"https:\/\/musee-aaa.com\/index.php?rest_route=\/wp\/v2\/pages"}],"about":[{"href":"https:\/\/musee-aaa.com\/index.php?rest_route=\/wp\/v2\/types\/page"}],"author":[{"embeddable":true,"href":"https:\/\/musee-aaa.com\/index.php?rest_route=\/wp\/v2\/users\/1"}],"replies":[{"embeddable":true,"href":"https:\/\/musee-aaa.com\/index.php?rest_route=%2Fwp%2Fv2%2Fcomments&post=1553"}],"version-history":[{"count":3,"href":"https:\/\/musee-aaa.com\/index.php?rest_route=\/wp\/v2\/pages\/1553\/revisions"}],"predecessor-version":[{"id":1593,"href":"https:\/\/musee-aaa.com\/index.php?rest_route=\/wp\/v2\/pages\/1553\/revisions\/1593"}],"wp:attachment":[{"href":"https:\/\/musee-aaa.com\/index.php?rest_route=%2Fwp%2Fv2%2Fmedia&parent=1553"}],"curies":[{"name":"wp","href":"https:\/\/api.w.org\/{rel}","templated":true}]}}