{"id":1559,"date":"2018-04-17T15:20:42","date_gmt":"2018-04-17T15:20:42","guid":{"rendered":"http:\/\/musee-aaa.com\/?page_id=1559"},"modified":"2018-06-17T18:32:14","modified_gmt":"2018-06-17T18:32:14","slug":"dragon","status":"publish","type":"page","link":"https:\/\/musee-aaa.com\/?page_id=1559","title":{"rendered":"DRAGON"},"content":{"rendered":"<p><img loading=\"lazy\" class=\"alignnone size-full wp-image-1560\" src=\"https:\/\/musee-aaa.com\/wp-content\/uploads\/Dragon.jpg\" alt=\"Dragon\" width=\"500\" height=\"700\" srcset=\"https:\/\/musee-aaa.com\/wp-content\/uploads\/Dragon.jpg 500w, https:\/\/musee-aaa.com\/wp-content\/uploads\/Dragon-490x686.jpg 490w, https:\/\/musee-aaa.com\/wp-content\/uploads\/Dragon-214x300.jpg 214w\" sizes=\"(max-width: 500px) 100vw, 500px\" \/><\/p>\n<p>D\u00e8s les d\u00e9buts du monde, dans toutes les soci\u00e9t\u00e9s, la figure du dragon appara\u00eet. L\u2019animal est imaginaire mais nous le connaissons tous.<\/p>\n<p>Est d\u00e9fini comme dragon, un reptile, serpent ou crocodile. A partir de l\u00e0, l\u2019aspect physique du dragon \u00e9volue en reprenant d\u2019autres formes animales. Le dragon est donc un assemblage, il se m\u00e9tamorphose et s\u2019adapte selon les circonstances. Bon ou mal\u00e9fique, pr\u00e9sent dans les rites fun\u00e9raires et les f\u00eates, il symbolise tous les aspects de la vie. De m\u00eame, il est associ\u00e9 aux 4 \u00e9l\u00e9ments, ici, il crache du feu, l\u00e0, il vit dans une grotte, plus loin, il s\u2019\u00e9lance hors de l\u2019eau pour s\u2019envoler dans les airs.<br \/>\nAu 19\u00e8me si\u00e8cle, les savants tentent de prouver son existence ! Le dragon serait un dinosaure, le mot signifie \u00ab terrible l\u00e9zard \u00bb. Mais non, le dragon, tu\u00e9 par les scientifiques, fait d\u00e9sormais partie de notre imaginaire. Une place de choix, car aujourd\u2019hui, le dragon hante les jeux vid\u00e9o et les films de l\u2019<em>heroic fantasy<\/em>.<\/p>\n<p>Son gigantisme refl\u00e8te les peurs secr\u00e8tes des humains dans un monde ancien o\u00f9 tout restait \u00e0 conqu\u00e9rir. Les histoires de dragons sont multiples et prouvent ses nombreuses missions :<br \/>\ncr\u00e9ateur d\u2019un territoire aborig\u00e8ne en Australie, annonciateur de l\u2019arriv\u00e9e du printemps en Chine, figure du mal en Europe ou symbole de puissance au Japon, le dragon est partout \u2026<\/p>\n<p>L\u2019exposition a \u00e9t\u00e9 fabriqu\u00e9e avec les collections du mus\u00e9e ainsi qu\u2019avec des pr\u00eats de particuliers et du <strong>Mus\u00e9e Marcel Sahut de Volvic<\/strong>.<\/p>\n<p>Lou-Rat-Fisher, artiste plasticienne a cr\u00e9\u00e9 <em><strong>Le dragon de l\u2019eau<\/strong><\/em>, 9 m\u00e8tres de long, sp\u00e9cialement pour l\u2019exposition.<\/p>\n<p>&nbsp;<\/p>\n<p><iframe loading=\"lazy\" style=\"border: none; overflow: hidden;\" src=\"https:\/\/www.facebook.com\/plugins\/video.php?href=https%3A%2F%2Fwww.facebook.com%2FMuseeArtsAfriqueAsieVichy%2Fvideos%2F1456317934473925%2F%3Ft%3D6&amp;width=500&amp;show_text=false&amp;height=280&amp;appId\" width=\"500\" height=\"280\" frameborder=\"0\" scrolling=\"no\" allowfullscreen=\"allowfullscreen\"><\/iframe><\/p>\n","protected":false},"excerpt":{"rendered":"<p>D\u00e8s les d\u00e9buts du monde, dans toutes les soci\u00e9t\u00e9s, la figure du dragon appara\u00eet. L\u2019animal est imaginaire mais nous le connaissons tous. Est d\u00e9fini comme dragon, un reptile, serpent ou crocodile. A partir de l\u00e0, l\u2019aspect physique du dragon \u00e9volue &hellip; <a href=\"https:\/\/musee-aaa.com\/?page_id=1559\">Continuer la lecture <span class=\"meta-nav\">&rarr;<\/span><\/a><\/p>\n","protected":false},"author":1,"featured_media":0,"parent":0,"menu_order":0,"comment_status":"closed","ping_status":"closed","template":"","meta":[],"_links":{"self":[{"href":"https:\/\/musee-aaa.com\/index.php?rest_route=\/wp\/v2\/pages\/1559"}],"collection":[{"href":"https:\/\/musee-aaa.com\/index.php?rest_route=\/wp\/v2\/pages"}],"about":[{"href":"https:\/\/musee-aaa.com\/index.php?rest_route=\/wp\/v2\/types\/page"}],"author":[{"embeddable":true,"href":"https:\/\/musee-aaa.com\/index.php?rest_route=\/wp\/v2\/users\/1"}],"replies":[{"embeddable":true,"href":"https:\/\/musee-aaa.com\/index.php?rest_route=%2Fwp%2Fv2%2Fcomments&post=1559"}],"version-history":[{"count":12,"href":"https:\/\/musee-aaa.com\/index.php?rest_route=\/wp\/v2\/pages\/1559\/revisions"}],"predecessor-version":[{"id":1609,"href":"https:\/\/musee-aaa.com\/index.php?rest_route=\/wp\/v2\/pages\/1559\/revisions\/1609"}],"wp:attachment":[{"href":"https:\/\/musee-aaa.com\/index.php?rest_route=%2Fwp%2Fv2%2Fmedia&parent=1559"}],"curies":[{"name":"wp","href":"https:\/\/api.w.org\/{rel}","templated":true}]}}