{"id":1683,"date":"2019-02-26T17:19:26","date_gmt":"2019-02-26T17:19:26","guid":{"rendered":"http:\/\/musee-aaa.com\/?page_id=1683"},"modified":"2019-02-28T10:56:02","modified_gmt":"2019-02-28T10:56:02","slug":"henry-watthe-vichy-thermal-1919-2019","status":"publish","type":"page","link":"https:\/\/musee-aaa.com\/?page_id=1683","title":{"rendered":"HENRI WATTH\u00c9 VICHY THERMAL 1919-2019"},"content":{"rendered":"<p><img loading=\"lazy\" class=\"alignnone wp-image-1703 size-full\" src=\"https:\/\/musee-aaa.com\/wp-content\/uploads\/Affiche-Watt\u00e9-Vichy-Termal-2019-web3.jpg\" alt=\"\" width=\"700\" height=\"1000\" srcset=\"https:\/\/musee-aaa.com\/wp-content\/uploads\/Affiche-Watt\u00e9-Vichy-Termal-2019-web3.jpg 700w, https:\/\/musee-aaa.com\/wp-content\/uploads\/Affiche-Watt\u00e9-Vichy-Termal-2019-web3-490x700.jpg 490w, https:\/\/musee-aaa.com\/wp-content\/uploads\/Affiche-Watt\u00e9-Vichy-Termal-2019-web3-660x943.jpg 660w, https:\/\/musee-aaa.com\/wp-content\/uploads\/Affiche-Watt\u00e9-Vichy-Termal-2019-web3-210x300.jpg 210w\" sizes=\"(max-width: 700px) 100vw, 700px\" \/><\/p>\n<p>Il y a 100 ans, en 1919, Henri Watth\u00e9 venait prendre les eaux \u00e0 Vichy puis cr\u00e9ait la Maison du Missionnaire et son mus\u00e9e. L\u2019exposition raconte cette histoire particuli\u00e8re qui illustre aussi le cosmopolitisme de la ville.<br \/>\nDes documents issus d\u2019autres traditions culturelles montrent l\u2019universalit\u00e9 des bienfaits des eaux thermales. Le mod\u00e8le vichyssois a servi de r\u00e9f\u00e9rence dans le d\u00e9veloppement et la cr\u00e9ation de stations thermales \u00e0 l\u2019\u00e9tranger. En cela, Vichy a contribu\u00e9 \u00e0 exporter la culture thermale europ\u00e9enne.<\/p>\n<p><img loading=\"lazy\" class=\"size-thumbnail wp-image-1712 alignleft\" src=\"https:\/\/musee-aaa.com\/wp-content\/uploads\/je-soutiens-vichy-web-150x150.jpg\" alt=\"je-soutiens-vichy-web\" width=\"150\" height=\"150\" srcset=\"https:\/\/musee-aaa.com\/wp-content\/uploads\/je-soutiens-vichy-web-150x150.jpg 150w, https:\/\/musee-aaa.com\/wp-content\/uploads\/je-soutiens-vichy-web-490x490.jpg 490w, https:\/\/musee-aaa.com\/wp-content\/uploads\/je-soutiens-vichy-web-660x660.jpg 660w, https:\/\/musee-aaa.com\/wp-content\/uploads\/je-soutiens-vichy-web-144x144.jpg 144w, https:\/\/musee-aaa.com\/wp-content\/uploads\/je-soutiens-vichy-web-300x300.jpg 300w, https:\/\/musee-aaa.com\/wp-content\/uploads\/je-soutiens-vichy-web.jpg 700w\" sizes=\"(max-width: 150px) 100vw, 150px\" \/>En 2019, Vichy est candidate au patrimoine mondial de l\u2019UNESCO.<br \/>\nL\u2019\u00e2ge d\u2019or du thermalisme aux 19\u00e8me et 20\u00e8me si\u00e8cles a donn\u00e9 une identit\u00e9 cosmopolite \u00e0 Vichy, remarquable dans l\u2019urbanisme et l\u2019architecture civile.<\/p>\n<p>Le mus\u00e9e AAA est ancr\u00e9 dans l\u2019histoire de sa ville. Ses collections viennent des voyages, du s\u00e9jour des visiteurs \u00e9trangers, dans un Vichy o\u00f9 se rencontraient, le temps d\u2019une cure, toutes les nationalit\u00e9s.<\/p>\n<p>Aujourd\u2019hui, les expositions temporaires du mus\u00e9e AAA pr\u00e9sentent la diversit\u00e9 de la cr\u00e9ation artistique tout comme le caract\u00e8re universel des questions qui agitent les humains.<\/p>\n<p>Cosmopolitisme, universalit\u00e9, ces valeurs cimentent notre patrimoine commun.<\/p>\n","protected":false},"excerpt":{"rendered":"<p>Il y a 100 ans, en 1919, Henri Watth\u00e9 venait prendre les eaux \u00e0 Vichy puis cr\u00e9ait la Maison du Missionnaire et son mus\u00e9e. L\u2019exposition raconte cette histoire particuli\u00e8re qui illustre aussi le cosmopolitisme de la ville. Des documents issus &hellip; <a href=\"https:\/\/musee-aaa.com\/?page_id=1683\">Continuer la lecture <span class=\"meta-nav\">&rarr;<\/span><\/a><\/p>\n","protected":false},"author":1,"featured_media":0,"parent":0,"menu_order":0,"comment_status":"closed","ping_status":"closed","template":"","meta":[],"_links":{"self":[{"href":"https:\/\/musee-aaa.com\/index.php?rest_route=\/wp\/v2\/pages\/1683"}],"collection":[{"href":"https:\/\/musee-aaa.com\/index.php?rest_route=\/wp\/v2\/pages"}],"about":[{"href":"https:\/\/musee-aaa.com\/index.php?rest_route=\/wp\/v2\/types\/page"}],"author":[{"embeddable":true,"href":"https:\/\/musee-aaa.com\/index.php?rest_route=\/wp\/v2\/users\/1"}],"replies":[{"embeddable":true,"href":"https:\/\/musee-aaa.com\/index.php?rest_route=%2Fwp%2Fv2%2Fcomments&post=1683"}],"version-history":[{"count":9,"href":"https:\/\/musee-aaa.com\/index.php?rest_route=\/wp\/v2\/pages\/1683\/revisions"}],"predecessor-version":[{"id":1713,"href":"https:\/\/musee-aaa.com\/index.php?rest_route=\/wp\/v2\/pages\/1683\/revisions\/1713"}],"wp:attachment":[{"href":"https:\/\/musee-aaa.com\/index.php?rest_route=%2Fwp%2Fv2%2Fmedia&parent=1683"}],"curies":[{"name":"wp","href":"https:\/\/api.w.org\/{rel}","templated":true}]}}