{"id":1768,"date":"2020-02-27T15:17:50","date_gmt":"2020-02-27T15:17:50","guid":{"rendered":"http:\/\/musee-aaa.com\/?page_id=1768"},"modified":"2021-05-11T15:30:31","modified_gmt":"2021-05-11T15:30:31","slug":"japon-objets-animes","status":"publish","type":"page","link":"https:\/\/musee-aaa.com\/?page_id=1768","title":{"rendered":"JAPON OBJETS ANIM\u00c9S"},"content":{"rendered":"<p><img loading=\"lazy\" class=\"alignnone wp-image-1907 size-full\" src=\"https:\/\/musee-aaa.com\/wp-content\/uploads\/Affiche2020-japon-rvb-pour-web.jpg\" alt=\"\" width=\"500\" height=\"714\" srcset=\"https:\/\/musee-aaa.com\/wp-content\/uploads\/Affiche2020-japon-rvb-pour-web.jpg 500w, https:\/\/musee-aaa.com\/wp-content\/uploads\/Affiche2020-japon-rvb-pour-web-490x700.jpg 490w, https:\/\/musee-aaa.com\/wp-content\/uploads\/Affiche2020-japon-rvb-pour-web-210x300.jpg 210w\" sizes=\"(max-width: 500px) 100vw, 500px\" \/><\/p>\n<p>Dans le <em>monde flottant<\/em>, expression japonaise qui d\u00e9signe la vie sur terre, \u00e9ph\u00e9m\u00e8re et illusoire, toute chose peut s\u2019animer et se transformer. Des chats sautent d\u2019un dessin pour sauver un enfant, une ombrelle d\u00e9laiss\u00e9e prend vie et tourmente son propri\u00e9taire, une marionnette du th\u00e9\u00e2tre <em>bunraku<\/em> ou un avatar pixellis\u00e9 incarnent un instant un amour absent.<\/p>\n<hr>\n<p><strong>Samedi 26 septembre 2020 \u00e0 15h<\/strong><\/p>\n<p><strong>Conf\u00e9rence d\u2019Anita Henry Dipl\u00f4m\u00e9e de l\u2019INALCO.<\/strong><br \/>\nCollectionneuse priv\u00e9e de kimonos<br \/>\n<strong><em>Kimono : V\u00eatement ou objet d\u2019art ?<\/em><\/strong><\/p>\n<p><em>Kimono<\/em> a fascin\u00e9 les \u00e9trangers d\u00e9couvrant le Japon. Il constitue un parfait objet po\u00e9tique. Il mobilise d\u2019abord toutes les qualit\u00e9s de la mati\u00e8re : substance, forme, couleur, tactilit\u00e9, mouvement, tenue\u2026 Enfin il s&rsquo;accorde \u00e0 la saison, \u00e0 l&rsquo;\u00e2ge, \u00e0 l&rsquo;occasion\u2026<br \/>\n<em>Kimono<\/em> transcende la mode et illustre aujourd\u2019hui, comme hier, les liens \u00e9troits entre le v\u00eatement, l\u2019art et la soci\u00e9t\u00e9 japonaise.<br \/>\nPr\u00e9sentation de l\u2019ouvrage <em><strong>Kimono, sentir la saison sur soie<\/strong><\/em>. Anita Henry et Corinne D\u00e9chelette.<\/p>\n<p><strong>Nombre de places limit\u00e9, vous pouvez r\u00e9server au 04 70 97 76 40.<\/strong><br \/>\nTarif : <strong>8\u20ac<\/strong><\/p>\n<hr>\n<p><img loading=\"lazy\" class=\"alignnone size-full wp-image-1932\" src=\"https:\/\/musee-aaa.com\/wp-content\/uploads\/04-japon.jpg\" alt=\"\" width=\"490\" height=\"327\" srcset=\"https:\/\/musee-aaa.com\/wp-content\/uploads\/04-japon.jpg 490w, https:\/\/musee-aaa.com\/wp-content\/uploads\/04-japon-450x300.jpg 450w\" sizes=\"(max-width: 490px) 100vw, 490px\" \/><\/p>\n<p>V\u00e9hicul\u00e9 par les objets, le visiteur d\u00e9couvre la conception du vivant au Japon et par de-l\u00e0 sa vision du monde. En effet, le Japon accorde une importance particuli\u00e8re \u00e0 la notion de m\u00e9tamorphose. L\u2019humain est en mouvement perp\u00e9tuel, il para\u00eet et dispara\u00eet, c\u2019est ce qui le rend touchant. L\u2019instant pris sur le vif, comme dans les dessins des mangas, l\u2019int\u00e9r\u00eat pour les saisons comme l\u2019illustrent les kimonos richement orn\u00e9s, le temps qui passe sont des th\u00e9matiques essentielles.<\/p>\n<p><img loading=\"lazy\" class=\"alignnone size-full wp-image-1929\" src=\"https:\/\/musee-aaa.com\/wp-content\/uploads\/01-japon.jpg\" alt=\"\" width=\"490\" height=\"735\" srcset=\"https:\/\/musee-aaa.com\/wp-content\/uploads\/01-japon.jpg 490w, https:\/\/musee-aaa.com\/wp-content\/uploads\/01-japon-200x300.jpg 200w\" sizes=\"(max-width: 490px) 100vw, 490px\" \/><\/p>\n<p><img loading=\"lazy\" class=\"alignnone size-full wp-image-1931\" src=\"https:\/\/musee-aaa.com\/wp-content\/uploads\/03-japon.jpg\" alt=\"\" width=\"490\" height=\"327\" srcset=\"https:\/\/musee-aaa.com\/wp-content\/uploads\/03-japon.jpg 490w, https:\/\/musee-aaa.com\/wp-content\/uploads\/03-japon-450x300.jpg 450w\" sizes=\"(max-width: 490px) 100vw, 490px\" \/><\/p>\n<p><img loading=\"lazy\" class=\"alignnone size-full wp-image-1933\" src=\"https:\/\/musee-aaa.com\/wp-content\/uploads\/05-japon.jpg\" alt=\"\" width=\"490\" height=\"327\" srcset=\"https:\/\/musee-aaa.com\/wp-content\/uploads\/05-japon.jpg 490w, https:\/\/musee-aaa.com\/wp-content\/uploads\/05-japon-450x300.jpg 450w\" sizes=\"(max-width: 490px) 100vw, 490px\" \/><\/p>\n<p><a href=\"https:\/\/musee-aaa.com\/wp-content\/uploads\/Japon.-Objets-anim\u00e9s-dossier-p\u00e9dagogique.pdf\" target=\"_blank\" rel=\"noopener noreferrer\">Dossier p\u00e9dagogique (pdf)<\/a> &#8211; <a href=\"https:\/\/musee-aaa.com\/wp-content\/uploads\/Ateliers-Japon-2020.pdf\" target=\"_blank\" rel=\"noopener noreferrer\">Ateliers p\u00e9dagogiques (pdf)<\/a><\/p>\n","protected":false},"excerpt":{"rendered":"<p>Dans le monde flottant, expression japonaise qui d\u00e9signe la vie sur terre, \u00e9ph\u00e9m\u00e8re et illusoire, toute chose peut s\u2019animer et se transformer. Des chats sautent d\u2019un dessin pour sauver un enfant, une ombrelle d\u00e9laiss\u00e9e prend vie et tourmente son propri\u00e9taire, &hellip; <a href=\"https:\/\/musee-aaa.com\/?page_id=1768\">Continuer la lecture <span class=\"meta-nav\">&rarr;<\/span><\/a><\/p>\n","protected":false},"author":1,"featured_media":0,"parent":0,"menu_order":0,"comment_status":"closed","ping_status":"closed","template":"","meta":[],"_links":{"self":[{"href":"https:\/\/musee-aaa.com\/index.php?rest_route=\/wp\/v2\/pages\/1768"}],"collection":[{"href":"https:\/\/musee-aaa.com\/index.php?rest_route=\/wp\/v2\/pages"}],"about":[{"href":"https:\/\/musee-aaa.com\/index.php?rest_route=\/wp\/v2\/types\/page"}],"author":[{"embeddable":true,"href":"https:\/\/musee-aaa.com\/index.php?rest_route=\/wp\/v2\/users\/1"}],"replies":[{"embeddable":true,"href":"https:\/\/musee-aaa.com\/index.php?rest_route=%2Fwp%2Fv2%2Fcomments&post=1768"}],"version-history":[{"count":20,"href":"https:\/\/musee-aaa.com\/index.php?rest_route=\/wp\/v2\/pages\/1768\/revisions"}],"predecessor-version":[{"id":2019,"href":"https:\/\/musee-aaa.com\/index.php?rest_route=\/wp\/v2\/pages\/1768\/revisions\/2019"}],"wp:attachment":[{"href":"https:\/\/musee-aaa.com\/index.php?rest_route=%2Fwp%2Fv2%2Fmedia&parent=1768"}],"curies":[{"name":"wp","href":"https:\/\/api.w.org\/{rel}","templated":true}]}}