{"id":1772,"date":"2020-02-27T15:23:17","date_gmt":"2020-02-27T15:23:17","guid":{"rendered":"http:\/\/musee-aaa.com\/?page_id=1772"},"modified":"2021-06-16T07:27:51","modified_gmt":"2021-06-16T07:27:51","slug":"chine-double-bonheur","status":"publish","type":"page","link":"https:\/\/musee-aaa.com\/?page_id=1772","title":{"rendered":"DOUBLE BONHEUR"},"content":{"rendered":"<p data-wp-editing=\"1\"><img loading=\"lazy\" class=\"alignnone wp-image-2010 size-full\" src=\"https:\/\/musee-aaa.com\/wp-content\/uploads\/Affiche-Chine-web.jpg\" alt=\"\" width=\"500\" height=\"714\" srcset=\"https:\/\/musee-aaa.com\/wp-content\/uploads\/Affiche-Chine-web.jpg 500w, https:\/\/musee-aaa.com\/wp-content\/uploads\/Affiche-Chine-web-490x700.jpg 490w, https:\/\/musee-aaa.com\/wp-content\/uploads\/Affiche-Chine-web-210x300.jpg 210w\" sizes=\"(max-width: 500px) 100vw, 500px\" \/><\/p>\n<p>A travers l\u2019histoire d\u2019un mariage dans le milieu de l\u2019\u00e9lite han ou mandchoue, <em>Double bonheur<\/em> raconte la place des femmes en Chine, du 18\u00e8me si\u00e8cle \u00e0 aujourd\u2019hui.<\/p>\n<p><img loading=\"lazy\" class=\"alignnone size-full wp-image-1940\" src=\"https:\/\/musee-aaa.com\/wp-content\/uploads\/02-chine.jpg\" alt=\"\" width=\"490\" height=\"327\" srcset=\"https:\/\/musee-aaa.com\/wp-content\/uploads\/02-chine.jpg 490w, https:\/\/musee-aaa.com\/wp-content\/uploads\/02-chine-450x300.jpg 450w\" sizes=\"(max-width: 490px) 100vw, 490px\" \/><\/p>\n<p><img loading=\"lazy\" class=\"alignnone size-full wp-image-1941\" src=\"https:\/\/musee-aaa.com\/wp-content\/uploads\/03-chine.jpg\" alt=\"\" width=\"490\" height=\"327\" srcset=\"https:\/\/musee-aaa.com\/wp-content\/uploads\/03-chine.jpg 490w, https:\/\/musee-aaa.com\/wp-content\/uploads\/03-chine-450x300.jpg 450w\" sizes=\"(max-width: 490px) 100vw, 490px\" \/><\/p>\n<p><img loading=\"lazy\" class=\"alignnone size-full wp-image-1939\" src=\"https:\/\/musee-aaa.com\/wp-content\/uploads\/01-chine.jpg\" alt=\"\" width=\"490\" height=\"327\" srcset=\"https:\/\/musee-aaa.com\/wp-content\/uploads\/01-chine.jpg 490w, https:\/\/musee-aaa.com\/wp-content\/uploads\/01-chine-450x300.jpg 450w\" sizes=\"(max-width: 490px) 100vw, 490px\" \/><\/p>\n","protected":false},"excerpt":{"rendered":"<p>A travers l\u2019histoire d\u2019un mariage dans le milieu de l\u2019\u00e9lite han ou mandchoue, Double bonheur raconte la place des femmes en Chine, du 18\u00e8me si\u00e8cle \u00e0 aujourd\u2019hui.<\/p>\n","protected":false},"author":1,"featured_media":0,"parent":0,"menu_order":0,"comment_status":"closed","ping_status":"closed","template":"","meta":[],"_links":{"self":[{"href":"https:\/\/musee-aaa.com\/index.php?rest_route=\/wp\/v2\/pages\/1772"}],"collection":[{"href":"https:\/\/musee-aaa.com\/index.php?rest_route=\/wp\/v2\/pages"}],"about":[{"href":"https:\/\/musee-aaa.com\/index.php?rest_route=\/wp\/v2\/types\/page"}],"author":[{"embeddable":true,"href":"https:\/\/musee-aaa.com\/index.php?rest_route=\/wp\/v2\/users\/1"}],"replies":[{"embeddable":true,"href":"https:\/\/musee-aaa.com\/index.php?rest_route=%2Fwp%2Fv2%2Fcomments&post=1772"}],"version-history":[{"count":34,"href":"https:\/\/musee-aaa.com\/index.php?rest_route=\/wp\/v2\/pages\/1772\/revisions"}],"predecessor-version":[{"id":2064,"href":"https:\/\/musee-aaa.com\/index.php?rest_route=\/wp\/v2\/pages\/1772\/revisions\/2064"}],"wp:attachment":[{"href":"https:\/\/musee-aaa.com\/index.php?rest_route=%2Fwp%2Fv2%2Fmedia&parent=1772"}],"curies":[{"name":"wp","href":"https:\/\/api.w.org\/{rel}","templated":true}]}}