{"id":1781,"date":"2020-02-27T15:34:54","date_gmt":"2020-02-27T15:34:54","guid":{"rendered":"http:\/\/musee-aaa.com\/?page_id=1781"},"modified":"2021-05-11T15:27:42","modified_gmt":"2021-05-11T15:27:42","slug":"culturoscope-2","status":"publish","type":"page","link":"https:\/\/musee-aaa.com\/?page_id=1781","title":{"rendered":"CULTUROSCOPE"},"content":{"rendered":"<p><strong><img loading=\"lazy\" class=\"alignnone wp-image-2006 size-full\" src=\"https:\/\/musee-aaa.com\/wp-content\/uploads\/Affiche2021-culturoscope-rvb-pour-web.jpg\" alt=\"\" width=\"500\" height=\"714\" srcset=\"https:\/\/musee-aaa.com\/wp-content\/uploads\/Affiche2021-culturoscope-rvb-pour-web.jpg 500w, https:\/\/musee-aaa.com\/wp-content\/uploads\/Affiche2021-culturoscope-rvb-pour-web-490x700.jpg 490w, https:\/\/musee-aaa.com\/wp-content\/uploads\/Affiche2021-culturoscope-rvb-pour-web-210x300.jpg 210w\" sizes=\"(max-width: 500px) 100vw, 500px\" \/><\/strong><\/p>\n<p><strong>Qu\u2019avons-nous en t\u00eate&nbsp;? <\/strong><\/p>\n<p>D\u00e8s Homo Sapiens, il y a eu remue-m\u00e9ninges chez les humains. Tous se sont pos\u00e9 les m\u00eames questions&nbsp;: D\u2019o\u00f9 venons-nous&nbsp;? Qui sommes-nous&nbsp;? O\u00f9 allons-nous&nbsp;?<br \/>\nC\u2019est ainsi que les cultures sont n\u00e9es, en s\u2019expliquant le monde, en s\u2019inventant un rapport au temps, \u00e0 la religion, \u00e0 la nature\u2026<\/p>\n<p><img loading=\"lazy\" class=\"alignnone size-full wp-image-1945\" src=\"https:\/\/musee-aaa.com\/wp-content\/uploads\/02-culturoscope.jpg\" alt=\"\" width=\"490\" height=\"327\" srcset=\"https:\/\/musee-aaa.com\/wp-content\/uploads\/02-culturoscope.jpg 490w, https:\/\/musee-aaa.com\/wp-content\/uploads\/02-culturoscope-450x300.jpg 450w\" sizes=\"(max-width: 490px) 100vw, 490px\" \/><\/p>\n<p>Les objets de <em>Culturoscope<\/em>, issus de tous les continents,&nbsp;pr\u00e9sentent la diversit\u00e9 humaine et t\u00e9moignent d\u2019un univers peupl\u00e9 d\u2019images et d\u2019id\u00e9es.<\/p>\n<p><img loading=\"lazy\" class=\"alignnone size-full wp-image-1944\" src=\"https:\/\/musee-aaa.com\/wp-content\/uploads\/01-culturoscope.jpg\" alt=\"\" width=\"490\" height=\"327\" srcset=\"https:\/\/musee-aaa.com\/wp-content\/uploads\/01-culturoscope.jpg 490w, https:\/\/musee-aaa.com\/wp-content\/uploads\/01-culturoscope-450x300.jpg 450w\" sizes=\"(max-width: 490px) 100vw, 490px\" \/><\/p>\n","protected":false},"excerpt":{"rendered":"<p>Qu\u2019avons-nous en t\u00eate&nbsp;? D\u00e8s Homo Sapiens, il y a eu remue-m\u00e9ninges chez les humains. Tous se sont pos\u00e9 les m\u00eames questions&nbsp;: D\u2019o\u00f9 venons-nous&nbsp;? Qui sommes-nous&nbsp;? O\u00f9 allons-nous&nbsp;? C\u2019est ainsi que les cultures sont n\u00e9es, en s\u2019expliquant le monde, en s\u2019inventant &hellip; <a href=\"https:\/\/musee-aaa.com\/?page_id=1781\">Continuer la lecture <span class=\"meta-nav\">&rarr;<\/span><\/a><\/p>\n","protected":false},"author":1,"featured_media":0,"parent":0,"menu_order":0,"comment_status":"closed","ping_status":"closed","template":"","meta":[],"_links":{"self":[{"href":"https:\/\/musee-aaa.com\/index.php?rest_route=\/wp\/v2\/pages\/1781"}],"collection":[{"href":"https:\/\/musee-aaa.com\/index.php?rest_route=\/wp\/v2\/pages"}],"about":[{"href":"https:\/\/musee-aaa.com\/index.php?rest_route=\/wp\/v2\/types\/page"}],"author":[{"embeddable":true,"href":"https:\/\/musee-aaa.com\/index.php?rest_route=\/wp\/v2\/users\/1"}],"replies":[{"embeddable":true,"href":"https:\/\/musee-aaa.com\/index.php?rest_route=%2Fwp%2Fv2%2Fcomments&post=1781"}],"version-history":[{"count":14,"href":"https:\/\/musee-aaa.com\/index.php?rest_route=\/wp\/v2\/pages\/1781\/revisions"}],"predecessor-version":[{"id":2016,"href":"https:\/\/musee-aaa.com\/index.php?rest_route=\/wp\/v2\/pages\/1781\/revisions\/2016"}],"wp:attachment":[{"href":"https:\/\/musee-aaa.com\/index.php?rest_route=%2Fwp%2Fv2%2Fmedia&parent=1781"}],"curies":[{"name":"wp","href":"https:\/\/api.w.org\/{rel}","templated":true}]}}