{"id":2021,"date":"2021-05-11T15:34:53","date_gmt":"2021-05-11T15:34:53","guid":{"rendered":"http:\/\/musee-aaa.com\/?page_id=2021"},"modified":"2022-05-10T12:30:33","modified_gmt":"2022-05-10T12:30:33","slug":"voyages","status":"publish","type":"page","link":"https:\/\/musee-aaa.com\/?page_id=2021","title":{"rendered":"VOYAGES"},"content":{"rendered":"<p><strong><img loading=\"lazy\" class=\"alignnone wp-image-2131 size-full\" src=\"https:\/\/musee-aaa.com\/wp-content\/uploads\/Affiche-Voyages-2022-750.jpg\" alt=\"\" width=\"750\" height=\"1071\" \/><\/strong><\/p>\n\n\n<p><em><strong>Voyages<\/strong><\/em><\/p>\n<p>L\u2019exposition explore le lien entre l\u2019humain et son environnement. L\u2019identit\u00e9 d\u2019un peuple est li\u00e9e \u00e0 la g\u00e9ographie de son territoire.<br \/>Cela est d\u2019autant plus apparent dans des milieux naturellement clos comme les \u00eeles. Nous voyageons sur le fleuve Sepik en Papouasie Nouvelle Guin\u00e9e, dans les \u00eeles d\u2019Oc\u00e9anie, rejoignons le d\u00e9sert australien et le Japon.<br \/>Les objets sont les \u00e9tapes de ce voyage. Il y a des mat\u00e9riaux \u00e0 d\u00e9couvrir, des animaux \u00e0 identifier, des histoires \u00e0 comprendre. Tout cela fait partie du paysage.<\/p>\n<p>Cette exposition est prolong\u00e9e en 2022 car outre les collections et nouvelles acquisitions du mus\u00e9e, elle pr\u00e9sente deux donations\u00a0:<\/p>\n<ul>\n<li><strong>Donation Gilles Sournies et Claudine Gay<\/strong>. Leurs objets de Papouasie Nouvelle Guin\u00e9e, la statuette d\u2019anc\u00eatre Abelam, le panneau \u00e0 histoires du village de Kambot, la fl\u00fbte sacr\u00e9e avec bouchon de la population Biwat, le masque \u00e0 bec d\u2019oiseau du lagon de Murik, le tambour \u00e0 eau des Sawos ont contribu\u00e9 \u00e0 embellir le fond oc\u00e9anien et \u00e0 la cr\u00e9ation de la premi\u00e8re salle de <em>Voyages<\/em>.<\/li>\n<li><strong>Donation Ollivaud \u2013 Touzinaud<\/strong>. Leur ensemble de kimonos, obis et de ningyo de l\u2019Hina Matsuri sont install\u00e9s dans la salle Japon.<\/li>\n<\/ul>\n<p>Cette exposition a pu \u00eatre possible gr\u00e2ce \u00e0 des pr\u00eats d\u2019institutions et des collections particuli\u00e8res. Leur r\u00f4le dans la transmission des cultures aupr\u00e8s du public est essentiel, nous les en remercions vivement.<\/p>\n<ul>\n<li>Deux foug\u00e8res de grades de l\u2019archipel du Vanuatu et d\u2019un tambour \u00e0 fente. Collection B. Sexe.<\/li>\n<li>Estampes du Japon. Collection S. Revolon.<\/li>\n<li>Fonds de photographies du d\u00e9but du si\u00e8cle prises par des artistes japonais. Collection N. Derville<\/li>\n<li>Tableau de poup\u00e9es, ningyo, yamabuki no mino. Collection A. Depigny.<\/li>\n<li>Ornements pectoraux, population Asmat, province de Papouasie indon\u00e9sienne. Collection famille Pellering.<\/li>\n<li>Un exceptionnel \u00e9ventail des \u00eeles Marquises du 18<sup>\u00e8me<\/sup> si\u00e8cle est pr\u00eat\u00e9 par les mus\u00e9es de Rochefort. Il est contemporain des voyages d\u2019exploration des capitaines Cook, de Bougainville\u2026<\/li>\n<\/ul>\n","protected":false},"excerpt":{"rendered":"<p>Voyages L\u2019exposition explore le lien entre l\u2019humain et son environnement. L\u2019identit\u00e9 d\u2019un peuple est li\u00e9e \u00e0 la g\u00e9ographie de son territoire.Cela est d\u2019autant plus apparent dans des milieux naturellement clos comme les \u00eeles. Nous voyageons sur le fleuve Sepik en &hellip; <a href=\"https:\/\/musee-aaa.com\/?page_id=2021\">Continuer la lecture <span class=\"meta-nav\">&rarr;<\/span><\/a><\/p>\n","protected":false},"author":1,"featured_media":0,"parent":0,"menu_order":0,"comment_status":"closed","ping_status":"closed","template":"","meta":[],"_links":{"self":[{"href":"https:\/\/musee-aaa.com\/index.php?rest_route=\/wp\/v2\/pages\/2021"}],"collection":[{"href":"https:\/\/musee-aaa.com\/index.php?rest_route=\/wp\/v2\/pages"}],"about":[{"href":"https:\/\/musee-aaa.com\/index.php?rest_route=\/wp\/v2\/types\/page"}],"author":[{"embeddable":true,"href":"https:\/\/musee-aaa.com\/index.php?rest_route=\/wp\/v2\/users\/1"}],"replies":[{"embeddable":true,"href":"https:\/\/musee-aaa.com\/index.php?rest_route=%2Fwp%2Fv2%2Fcomments&post=2021"}],"version-history":[{"count":7,"href":"https:\/\/musee-aaa.com\/index.php?rest_route=\/wp\/v2\/pages\/2021\/revisions"}],"predecessor-version":[{"id":2194,"href":"https:\/\/musee-aaa.com\/index.php?rest_route=\/wp\/v2\/pages\/2021\/revisions\/2194"}],"wp:attachment":[{"href":"https:\/\/musee-aaa.com\/index.php?rest_route=%2Fwp%2Fv2%2Fmedia&parent=2021"}],"curies":[{"name":"wp","href":"https:\/\/api.w.org\/{rel}","templated":true}]}}