{"id":2165,"date":"2022-04-05T17:30:35","date_gmt":"2022-04-05T17:30:35","guid":{"rendered":"https:\/\/musee-aaa.com\/?page_id=2165"},"modified":"2023-02-28T15:03:34","modified_gmt":"2023-02-28T15:03:34","slug":"touaregs","status":"publish","type":"page","link":"https:\/\/musee-aaa.com\/?page_id=2165","title":{"rendered":"TOUAREGS"},"content":{"rendered":"\n<p><img loading=\"lazy\" class=\"alignnone wp-image-2275 size-full\" src=\"https:\/\/musee-aaa.com\/wp-content\/uploads\/Affiche-Touaregs-2023-WEB.jpg\" alt=\"\" width=\"607\" height=\"853\" srcset=\"https:\/\/musee-aaa.com\/wp-content\/uploads\/Affiche-Touaregs-2023-WEB.jpg 607w, https:\/\/musee-aaa.com\/wp-content\/uploads\/Affiche-Touaregs-2023-WEB-490x689.jpg 490w, https:\/\/musee-aaa.com\/wp-content\/uploads\/Affiche-Touaregs-2023-WEB-213x300.jpg 213w\" sizes=\"(max-width: 607px) 100vw, 607px\" \/><\/p>\n<p><em><strong>Touaregs \u2013 Objets nomades<\/strong><\/em><\/p>\n<p>Le mus\u00e9e conserve depuis sa cr\u00e9ation des collections touaregs, notamment <strong>des cuirs anciens<\/strong>, caract\u00e9ristiques de l\u2019art de cette culture. Gr\u00e2ce \u00e0 une collaboration avec le mus\u00e9e des Confluences de Lyon, le mus\u00e9e a eu l\u2019opportunit\u00e9 de recevoir une belle <strong>donation de bijoux du Niger<\/strong> de la part de M. et Mme Burner, association Masnat.<\/p>\n<p>L\u2019ensemble de ces \u0153uvres nous donnent \u00e0 admirer <strong>une culture d\u2019origine nomade, raffin\u00e9e<\/strong>. Chaque objet est essentiel et porte les valeurs touaregs : la sobri\u00e9t\u00e9 des formes, l\u2019\u00e9quilibre des d\u00e9cors correspondent \u00e0 un id\u00e9al de retenue et de noblesse en soci\u00e9t\u00e9.<br \/>C\u2019est un parcours dans l\u2019immensit\u00e9 du Sahara \u00e0 travers les \u0153uvres de trois pays, Alg\u00e9rie, Mali, Niger.<\/p>\n<p><strong>Les Kel-Tamasheq.<br \/><\/strong>Touareg n\u2019est pas l\u2019appellation exacte, Ils se nomment eux-m\u00eames Kel-Tamasheq, ceux de la langue tamasheq. <em>Touareg<\/em> est un nom fran\u00e7ais, utilis\u00e9 depuis le 19<sup>\u00e8me<\/sup> si\u00e8cle. Il viendrait de l\u2019arabe <em>targa<\/em>, lieu d\u2019origine de certains groupes en Libye.<\/p>\n<p><strong>Les objets de l\u2019exposition\u00a0:<\/strong><\/p>\n<ul>\n<li><strong>La selle de Charles De Foucauld<\/strong>, missionnaire fran\u00e7ais qui v\u00e9cut \u00e0 Tamanrasset.<\/li>\n<li><strong>Le<\/strong><em><strong> Tagelmust<\/strong><\/em>, voile de t\u00eate masculin, symbole de l\u2019honneur et <strong>les <em>tsherot<\/em>, amulettes de protection<\/strong> port\u00e9es autour du cou ou sur le voile.<\/li>\n<li><strong>Les clefs de voile<\/strong>, ce sont des cl\u00e9s de cadenas fermant le coffre aux objets pr\u00e9cieux. Elles symbolisent le pouvoir des femmes.<\/li>\n<li><strong>Les \u00e9p\u00e9es, <em>takuba<\/em><\/strong>, repr\u00e9sentation de l\u2019honneur guerrier.<\/li>\n<li>Les objets associ\u00e9s au dromadaire, <strong>selle, amulette, sacs, mati\u00e8res premi\u00e8res pr\u00e9cieuses<\/strong> illustrent l\u2019importance ancienne de l\u2019animal et la fr\u00e9quentation des routes du Sahara.<\/li>\n<li><strong>Les bijoux<\/strong> port\u00e9s au quotidien par toutes les cat\u00e9gories sociales, <strong>les croix d\u2019Agadez<\/strong>.<\/li>\n<li><strong>Les instruments de musique<\/strong>, ils accompagnent parfois la po\u00e9sie chant\u00e9e, passion nomade.<\/li>\n<\/ul>\n<p>Nous remercions le mus\u00e9e des Confluences de Lyon et le mus\u00e9e Saint-Just Saint-Rambert pour leurs pr\u00eats d\u2019\u0153uvres. Merci \u00e0 M. Sentis, pour le pr\u00eat du pastel de Fran\u00e7ois Sasmyoux et le don de la selle de dromadaire, <em>rahla<\/em>, et de la cravache.<\/p>\n","protected":false},"excerpt":{"rendered":"<p>Touaregs \u2013 Objets nomades Le mus\u00e9e conserve depuis sa cr\u00e9ation des collections touaregs, notamment des cuirs anciens, caract\u00e9ristiques de l\u2019art de cette culture. Gr\u00e2ce \u00e0 une collaboration avec le mus\u00e9e des Confluences de Lyon, le mus\u00e9e a eu l\u2019opportunit\u00e9 de &hellip; <a href=\"https:\/\/musee-aaa.com\/?page_id=2165\">Continuer la lecture <span class=\"meta-nav\">&rarr;<\/span><\/a><\/p>\n","protected":false},"author":1,"featured_media":0,"parent":0,"menu_order":0,"comment_status":"closed","ping_status":"closed","template":"","meta":[],"_links":{"self":[{"href":"https:\/\/musee-aaa.com\/index.php?rest_route=\/wp\/v2\/pages\/2165"}],"collection":[{"href":"https:\/\/musee-aaa.com\/index.php?rest_route=\/wp\/v2\/pages"}],"about":[{"href":"https:\/\/musee-aaa.com\/index.php?rest_route=\/wp\/v2\/types\/page"}],"author":[{"embeddable":true,"href":"https:\/\/musee-aaa.com\/index.php?rest_route=\/wp\/v2\/users\/1"}],"replies":[{"embeddable":true,"href":"https:\/\/musee-aaa.com\/index.php?rest_route=%2Fwp%2Fv2%2Fcomments&post=2165"}],"version-history":[{"count":7,"href":"https:\/\/musee-aaa.com\/index.php?rest_route=\/wp\/v2\/pages\/2165\/revisions"}],"predecessor-version":[{"id":2324,"href":"https:\/\/musee-aaa.com\/index.php?rest_route=\/wp\/v2\/pages\/2165\/revisions\/2324"}],"wp:attachment":[{"href":"https:\/\/musee-aaa.com\/index.php?rest_route=%2Fwp%2Fv2%2Fmedia&parent=2165"}],"curies":[{"name":"wp","href":"https:\/\/api.w.org\/{rel}","templated":true}]}}