{"id":2168,"date":"2022-04-05T16:52:36","date_gmt":"2022-04-05T16:52:36","guid":{"rendered":"https:\/\/musee-aaa.com\/?page_id=2168"},"modified":"2025-02-16T20:07:34","modified_gmt":"2025-02-16T20:07:34","slug":"le-musee-a-100-ans","status":"publish","type":"page","link":"https:\/\/musee-aaa.com\/?page_id=2168","title":{"rendered":"le Mus\u00e9e a 100 ans"},"content":{"rendered":"\n<figure class=\"wp-block-image size-large\"><img loading=\"lazy\" width=\"660\" height=\"928\" src=\"https:\/\/musee-aaa.com\/wp-content\/uploads\/Affiche-Musee-100-ans-2024-Web2-660x928.jpg\" alt=\"\" class=\"wp-image-2421\" srcset=\"https:\/\/musee-aaa.com\/wp-content\/uploads\/Affiche-Musee-100-ans-2024-Web2-660x928.jpg 660w, https:\/\/musee-aaa.com\/wp-content\/uploads\/Affiche-Musee-100-ans-2024-Web2-490x689.jpg 490w, https:\/\/musee-aaa.com\/wp-content\/uploads\/Affiche-Musee-100-ans-2024-Web2-213x300.jpg 213w, https:\/\/musee-aaa.com\/wp-content\/uploads\/Affiche-Musee-100-ans-2024-Web2.jpg 750w\" sizes=\"(max-width: 660px) 100vw, 660px\" \/><\/figure>\n\n\n\n<p><em><strong>Le Mus\u00e9e a 100 ans.<\/strong><\/em><\/p>\n<p><strong>En 1922, Henri Watth\u00e9 cr\u00e9e l\u2019association La Maison du Missionnaire<\/strong>. Ses buts\u00a0: h\u00e9berger et obtenir des soins thermaux gratuits pour les missionnaires catholiques. Cette cr\u00e9ation s\u2019inscrit dans un contexte historique plus large\u00a0: depuis le 19<sup>\u00e8me<\/sup> si\u00e8cle, les grands ordres missionnaires envoient des hommes et des femmes porter le message chr\u00e9tien dans le monde entier.<br \/><strong>Vichy est alors une capitale thermale cosmopolite<\/strong> o\u00f9 se c\u00f4toient missionnaires, fonctionnaires, militaires et personnalit\u00e9s de l\u2019empire colonial.<\/p>\n<p>A la demande de la m\u00e9tropole, les missionnaires collectent des objets. C\u2019est la naissance des mus\u00e9es missionnaires.<br \/><strong>En 1922, le mus\u00e9e est la vitrine de l\u2019association<\/strong>. Les objets servent le discours de l\u2019\u00e9poque : montrer le travail des missionnaires et convaincre les visiteurs d\u2019aider l\u2019\u0153uvre.<br \/>Pour le public, c\u2019est parfois le premier contact avec les objets de populations inconnues.<br \/>Le fonds des collections est constitu\u00e9 de 1922 \u00e0 1940 avec 4\u00a0000 pi\u00e8ces et sp\u00e9cimens naturels.<\/p>\n<p><strong>L\u2019exposition est une \u00e9vocation des premi\u00e8res installations du mus\u00e9e<\/strong>. <br \/>Comme le montrent les nombreuses <strong>photographies anciennes<\/strong>, les objets sont d\u2019abord dispos\u00e9s les uns \u00e0 c\u00f4t\u00e9 des autres, sans lien\u00a0apparent.<br \/>La m\u00e9diation multim\u00e9dia pr\u00e9sente <strong>les courriers des donateurs et les anciens cartels des objets<\/strong>. Ils sont parfois erron\u00e9s ou approximatifs\u00a0; dans tous les cas, ils documentent le regard occidental du d\u00e9but du 20<sup>\u00e8me<\/sup> si\u00e8cle sur les objets extra europ\u00e9ens, entre fascination et incompr\u00e9hension.<\/p>\n<p>Le choix des objets r\u00e9v\u00e8le une vision particuli\u00e8re. Les arts du continent africain sont illustr\u00e9s par les <em><strong>f\u00e9tiches<\/strong><\/em> c\u2019est-\u00e0-dire les objets sacr\u00e9s. Les missionnaires rapportaient des t\u00e9moins mat\u00e9riels des autres religions pour attester des progr\u00e8s de l\u2019\u00e9vang\u00e9lisation.<br \/>On trouve des productions issues des \u00e9coles d\u2019<strong>artisanat catholique<\/strong> cr\u00e9\u00e9es par les missionnaires. Le plus ancien exemple est une <strong>statuette pendentif d\u2019Antoine de Padoue du 16<sup>\u00e8me<\/sup> si\u00e8cle<\/strong>.<\/p>\n<p>Le choix des \u0153uvres asiatiques montre un int\u00e9r\u00eat pour les mat\u00e9riaux pr\u00e9cieux, <strong>porcelaine, bois laqu\u00e9, soie brod\u00e9e<\/strong> et les techniques de fabrication. Il y a aussi <strong>des statuettes de divinit\u00e9s<\/strong> et des exemples de \u00ab\u00a0<em>l\u2019accommodation<\/em>\u00a0\u00bb, cette tradition missionnaire de s\u2019int\u00e9grer \u00e0 une culture en reprenant ses coutumes, <strong>son costume<\/strong> par exemple.<br \/>Enfin des objets lointains comme <em><strong>le piranha d\u2019Amazonie<\/strong><\/em><strong>, les mocassins des indiens iroquois du Canada<\/strong> racontent qu\u2019au nom de leur vocation, les missionnaires sont all\u00e9s au bout du monde.<\/p>\n","protected":false},"excerpt":{"rendered":"<p>Le Mus\u00e9e a 100 ans. En 1922, Henri Watth\u00e9 cr\u00e9e l\u2019association La Maison du Missionnaire. Ses buts\u00a0: h\u00e9berger et obtenir des soins thermaux gratuits pour les missionnaires catholiques. Cette cr\u00e9ation s\u2019inscrit dans un contexte historique plus large\u00a0: depuis le 19\u00e8me &hellip; <a href=\"https:\/\/musee-aaa.com\/?page_id=2168\">Continuer la lecture <span class=\"meta-nav\">&rarr;<\/span><\/a><\/p>\n","protected":false},"author":1,"featured_media":0,"parent":0,"menu_order":0,"comment_status":"closed","ping_status":"closed","template":"","meta":[],"_links":{"self":[{"href":"https:\/\/musee-aaa.com\/index.php?rest_route=\/wp\/v2\/pages\/2168"}],"collection":[{"href":"https:\/\/musee-aaa.com\/index.php?rest_route=\/wp\/v2\/pages"}],"about":[{"href":"https:\/\/musee-aaa.com\/index.php?rest_route=\/wp\/v2\/types\/page"}],"author":[{"embeddable":true,"href":"https:\/\/musee-aaa.com\/index.php?rest_route=\/wp\/v2\/users\/1"}],"replies":[{"embeddable":true,"href":"https:\/\/musee-aaa.com\/index.php?rest_route=%2Fwp%2Fv2%2Fcomments&post=2168"}],"version-history":[{"count":9,"href":"https:\/\/musee-aaa.com\/index.php?rest_route=\/wp\/v2\/pages\/2168\/revisions"}],"predecessor-version":[{"id":2526,"href":"https:\/\/musee-aaa.com\/index.php?rest_route=\/wp\/v2\/pages\/2168\/revisions\/2526"}],"wp:attachment":[{"href":"https:\/\/musee-aaa.com\/index.php?rest_route=%2Fwp%2Fv2%2Fmedia&parent=2168"}],"curies":[{"name":"wp","href":"https:\/\/api.w.org\/{rel}","templated":true}]}}