{"id":2274,"date":"2023-02-27T16:15:22","date_gmt":"2023-02-27T16:15:22","guid":{"rendered":"https:\/\/musee-aaa.com\/?page_id=2274"},"modified":"2026-04-14T13:57:42","modified_gmt":"2026-04-14T13:57:42","slug":"2274-2","status":"publish","type":"page","link":"https:\/\/musee-aaa.com\/","title":{"rendered":"Accueil"},"content":{"rendered":"\n<figure class=\"wp-block-image size-full\"><a href=\"https:\/\/musee-aaa.com\/?page_id=2642\"><img loading=\"lazy\" width=\"750\" height=\"1055\" src=\"https:\/\/musee-aaa.com\/wp-content\/uploads\/Affiche-Arts-Afrique-WEB.jpg\" alt=\"\" class=\"wp-image-2637\" srcset=\"https:\/\/musee-aaa.com\/wp-content\/uploads\/Affiche-Arts-Afrique-WEB.jpg 750w, https:\/\/musee-aaa.com\/wp-content\/uploads\/Affiche-Arts-Afrique-WEB-490x689.jpg 490w, https:\/\/musee-aaa.com\/wp-content\/uploads\/Affiche-Arts-Afrique-WEB-660x928.jpg 660w, https:\/\/musee-aaa.com\/wp-content\/uploads\/Affiche-Arts-Afrique-WEB-213x300.jpg 213w\" sizes=\"(max-width: 750px) 100vw, 750px\" \/><\/a><\/figure>\n\n\n\n<div style=\"height:15px\" aria-hidden=\"true\" class=\"wp-block-spacer\"><\/div>\n\n\n\n<p class=\"has-text-align-center has-white-color has-text-color has-background\" style=\"background-color:#ab822c;font-size:14px\"><mark style=\"background-color:rgba(0, 0, 0, 0)\" class=\"has-inline-color has-white-color\"><strong>Visites guid\u00e9es des nouvelles expositions<\/strong><br>Tous les jeudis \u00e0 15 h<\/mark> <mark style=\"background-color:rgba(0, 0, 0, 0)\" class=\"has-inline-color has-white-color\">en compagnie de Marie-Line Therre, responsable des collections.<\/mark><br><mark style=\"background-color:rgba(0, 0, 0, 0)\" class=\"has-inline-color has-white-color\">Dur\u00e9e 1h, tarif 6 \u20ac.\u00a0Sans r\u00e9servation.<\/mark><\/p>\n\n\n\n<p><\/p>\n\n\n\n<div style=\"height:15px\" aria-hidden=\"true\" class=\"wp-block-spacer\"><\/div>\n\n\n\n<div class=\"wp-block-columns\">\n<div class=\"wp-block-column\">\n<figure class=\"wp-block-image size-large\"><a href=\"https:\/\/musee-aaa.com\/?page_id=2648\"><img loading=\"lazy\" width=\"660\" height=\"928\" src=\"https:\/\/musee-aaa.com\/wp-content\/uploads\/Affiche-Routes-WEB-660x928.jpg\" alt=\"\" class=\"wp-image-2639\" srcset=\"https:\/\/musee-aaa.com\/wp-content\/uploads\/Affiche-Routes-WEB-660x928.jpg 660w, https:\/\/musee-aaa.com\/wp-content\/uploads\/Affiche-Routes-WEB-490x689.jpg 490w, https:\/\/musee-aaa.com\/wp-content\/uploads\/Affiche-Routes-WEB-213x300.jpg 213w, https:\/\/musee-aaa.com\/wp-content\/uploads\/Affiche-Routes-WEB.jpg 750w\" sizes=\"(max-width: 660px) 100vw, 660px\" \/><\/a><\/figure>\n<\/div>\n\n\n\n<div class=\"wp-block-column\">\n<figure class=\"wp-block-image size-large\"><a href=\"https:\/\/musee-aaa.com\/?page_id=2168\"><img loading=\"lazy\" width=\"660\" height=\"928\" src=\"https:\/\/musee-aaa.com\/wp-content\/uploads\/Affiche-Musee-100-ans-2024-Web2-660x928.jpg\" alt=\"\" class=\"wp-image-2421\" srcset=\"https:\/\/musee-aaa.com\/wp-content\/uploads\/Affiche-Musee-100-ans-2024-Web2-660x928.jpg 660w, https:\/\/musee-aaa.com\/wp-content\/uploads\/Affiche-Musee-100-ans-2024-Web2-490x689.jpg 490w, https:\/\/musee-aaa.com\/wp-content\/uploads\/Affiche-Musee-100-ans-2024-Web2-213x300.jpg 213w, https:\/\/musee-aaa.com\/wp-content\/uploads\/Affiche-Musee-100-ans-2024-Web2.jpg 750w\" sizes=\"(max-width: 660px) 100vw, 660px\" \/><\/a><\/figure>\n<\/div>\n<\/div>\n\n\n\n<p class=\"has-text-align-center has-background\" style=\"background-color:#ab822c;font-size:14px\"><mark style=\"background-color:rgba(0, 0, 0, 0)\" class=\"has-inline-color has-white-color\"><strong>En 2026, les expositions explorent :<\/strong><\/mark><\/p>\n\n\n\n<p class=\"has-text-align-center\"><a href=\"https:\/\/musee-aaa.com\/?page_id=2642\">AFRIQUE ARTS CONTEMPORAINS<\/a><br>Des Ind\u00e9pendances \u00e0 aujourd\u2019hui, \u00e0 travers l\u2019\u00e9nergie de Kinshasa, des c\u00e9l\u00e8bres studios photos de Bamako et la cr\u00e9ativit\u00e9 de grands artistes du continent africain.<br>Avec la galerie MAGNIN-A, Paris.<\/p>\n\n\n\n<p class=\"has-text-align-center\"><a href=\"https:\/\/musee-aaa.com\/?page_id=2648\">ROUTES<\/a><br>Tibet &#8211; Gandh\u0101ra &#8211; Amazonie<br>Voies de circulation des id\u00e9es et du savoir, routes anciennes, commerciales, ou spirituelles. Sur ces routes historiques, ce sont des rencontres et des mani\u00e8res d\u2019habiter le monde, de lutter contre l\u2019effacement.<\/p>\n\n\n\n<p class=\"has-text-align-center\"><a href=\"https:\/\/musee-aaa.com\/?page_id=2168\">LE MUS\u00c9E A 100 ANS<\/a><br>Notre histoire locale et nationale.<\/p>\n\n\n\n<p class=\"has-text-align-center\"><a href=\"https:\/\/musee-aaa.com\/?page_id=2563\">LES \u00c9V\u00c8NEMENTS<\/a><\/p>\n\n\n\n<p class=\"has-text-align-center\">Les expositions sont adapt\u00e9es aux visites scolaires de tous les niveaux.<br>Renseignez-vous au 04 70 97 76 40 \/ musee-aaa@wanadoo.fr<\/p>\n\n\n\n<p class=\"has-text-align-center has-background\" style=\"background-color:#ab822c;font-size:14px\"><mark style=\"background-color:rgba(0, 0, 0, 0)\" class=\"has-inline-color has-white-color\"><strong><strong>Un mus\u00e9e ouvert sur le monde, son patrimoine et sa modernit\u00e9.<\/strong><\/strong><\/mark><\/p>\n\n\n\n<p class=\"has-text-align-center\"><a href=\"https:\/\/musee-aaa.com\/?page_id=402\">Mus\u00e9e pratique<\/a><\/p>\n\n\n\n<p class=\"has-text-align-center\">Du&nbsp;<strong>11 avril au 1er novembre 2026<\/strong> du mardi au dimanche de 14 h \u00e0 18 h.<br>Ouvert les jours f\u00e9ri\u00e9s, ferm\u00e9 le lundi. Ouvert aux individuels et aux groupes.<br><a href=\"https:\/\/musee-aaa.com\/?page_id=94\">Pour vos sorties p\u00e9dagogiques et visites guid\u00e9es<\/a>,<br>contactez le 04 70 97 76 40 ou musee-aaa@wanadoo.fr<\/p>\n\n\n\n<p class=\"has-text-align-center\"><strong>Visites scolaires et groupes adultes.<\/strong><br>R\u00e9servez au 04 70 97 76 40<\/p>\n\n\n\n<p class=\"has-text-align-center\"><strong>Visites guid\u00e9es des expositions :<\/strong><br><strong>A 15h<\/strong>&nbsp;<strong>tous les jeudis \u00e0 partir du 11 avril 2026<\/strong><\/p>\n\n\n\n\n\n<p><\/p>\n","protected":false},"excerpt":{"rendered":"<p>Visites guid\u00e9es des nouvelles expositionsTous les jeudis \u00e0 15 h en compagnie de Marie-Line Therre, responsable des collections.Dur\u00e9e 1h, tarif 6 \u20ac.\u00a0Sans r\u00e9servation. En 2026, les expositions explorent : AFRIQUE ARTS CONTEMPORAINSDes Ind\u00e9pendances \u00e0 aujourd\u2019hui, \u00e0 travers l\u2019\u00e9nergie de Kinshasa, &hellip; <a href=\"https:\/\/musee-aaa.com\/\">Continuer la lecture <span class=\"meta-nav\">&rarr;<\/span><\/a><\/p>\n","protected":false},"author":1,"featured_media":2510,"parent":0,"menu_order":0,"comment_status":"closed","ping_status":"closed","template":"showcase.php","meta":[],"_links":{"self":[{"href":"https:\/\/musee-aaa.com\/index.php?rest_route=\/wp\/v2\/pages\/2274"}],"collection":[{"href":"https:\/\/musee-aaa.com\/index.php?rest_route=\/wp\/v2\/pages"}],"about":[{"href":"https:\/\/musee-aaa.com\/index.php?rest_route=\/wp\/v2\/types\/page"}],"author":[{"embeddable":true,"href":"https:\/\/musee-aaa.com\/index.php?rest_route=\/wp\/v2\/users\/1"}],"replies":[{"embeddable":true,"href":"https:\/\/musee-aaa.com\/index.php?rest_route=%2Fwp%2Fv2%2Fcomments&post=2274"}],"version-history":[{"count":135,"href":"https:\/\/musee-aaa.com\/index.php?rest_route=\/wp\/v2\/pages\/2274\/revisions"}],"predecessor-version":[{"id":2666,"href":"https:\/\/musee-aaa.com\/index.php?rest_route=\/wp\/v2\/pages\/2274\/revisions\/2666"}],"wp:featuredmedia":[{"embeddable":true,"href":"https:\/\/musee-aaa.com\/index.php?rest_route=\/wp\/v2\/media\/2510"}],"wp:attachment":[{"href":"https:\/\/musee-aaa.com\/index.php?rest_route=%2Fwp%2Fv2%2Fmedia&parent=2274"}],"curies":[{"name":"wp","href":"https:\/\/api.w.org\/{rel}","templated":true}]}}