{"id":2426,"date":"2024-02-19T11:10:21","date_gmt":"2024-02-19T11:10:21","guid":{"rendered":"https:\/\/musee-aaa.com\/?page_id=2426"},"modified":"2025-09-19T12:01:26","modified_gmt":"2025-09-19T12:01:26","slug":"mission-protection","status":"publish","type":"page","link":"https:\/\/musee-aaa.com\/?page_id=2426","title":{"rendered":"MISSION PROTECTION"},"content":{"rendered":"\n<figure class=\"wp-block-image size-large\"><img loading=\"lazy\" width=\"660\" height=\"928\" src=\"https:\/\/musee-aaa.com\/wp-content\/uploads\/Affiche-Mission-Protection-Web-RVB-2025-660x928.jpg\" alt=\"\" class=\"wp-image-2511\" srcset=\"https:\/\/musee-aaa.com\/wp-content\/uploads\/Affiche-Mission-Protection-Web-RVB-2025-660x928.jpg 660w, https:\/\/musee-aaa.com\/wp-content\/uploads\/Affiche-Mission-Protection-Web-RVB-2025-490x689.jpg 490w, https:\/\/musee-aaa.com\/wp-content\/uploads\/Affiche-Mission-Protection-Web-RVB-2025-213x300.jpg 213w, https:\/\/musee-aaa.com\/wp-content\/uploads\/Affiche-Mission-Protection-Web-RVB-2025.jpg 750w\" sizes=\"(max-width: 660px) 100vw, 660px\" \/><\/figure>\n\n\n\n<p><br>Dans une sc\u00e9nographie interactive, vous exp\u00e9rimenterez la dimension universelle de l\u2019exposition. Pour commencer, la roue de la protection&nbsp;propose <em>chance, amour, f\u00e9condit\u00e9, puissance<\/em>\u2026 Au visiteur d\u2019associer ces demandes \u00e0 des amulettes et talismans de diverses provenances. La recherche de protection est intemporelle et mondiale car l\u2019humain a conscience du passage du temps et des dangers qui le menacent.&nbsp;<br>Ainsi, objets de protection, statuettes de protecteurs, recours \u00e0 des sp\u00e9cialistes montrent la volont\u00e9 humaine de ma\u00eetriser sa destin\u00e9e.<br><br>Les diff\u00e9rentes visions du monde et du corps produisent des techniques singuli\u00e8res de pr\u00e9vention et de soin. En Chine, le corps est un mod\u00e8le r\u00e9duit du cosmos, on le traite d\u2019une mani\u00e8re globale. Il s\u2019agit de favoriser la bonne circulation des \u00e9nergies. Science et m\u00e9decine classique chinoise, religion, rituels magiques s\u2019entrem\u00ealent, t\u00e9moignant d\u2019un monde habit\u00e9 de correspondances.<br><br>Les appellations sont nombreuses, les r\u00f4les diff\u00e9rent, chaman, homme m\u00e9decine, gu\u00e9risseur, <em>ombiasy,<\/em> \u2026&nbsp; Des portraits contemporains pr\u00e9sentent ces hommes et femmes qui continuent d\u2019\u00eatre le lien entre les mondes, vont chercher de l\u2018aide pour les vivants aupr\u00e8s des entit\u00e9s invisibles.<br><br>A vous de trouver les intrus sur ces affiches de super-h\u00e9ros du B\u00e9nin, d\u2019Afrique du Sud, d\u2019Ethiopie et d\u2019Inde&nbsp;! Les codes de repr\u00e9sentation sont universels.<br>Ces super-h\u00e9rosd\u2019aujourd\u2019hui sont pourtant issus de leur culture, particuli\u00e8re et ancienne, ils sont passeurs de traditions. Ces protecteurs ont une vocation p\u00e9dagogique&nbsp;: dans les bandes dessin\u00e9es, \u00e0 la t\u00e9l\u00e9vision, ils expliquent le pass\u00e9 aux plus jeunes et incarnent des solutions \u00e0 des probl\u00e9matiques soci\u00e9tales.<br><br>Quand la partie est finie, personnages, animaux fabuleux accompagnent le d\u00e9funt dans l\u2019au-del\u00e0. Des objets arch\u00e9ologiques de Chine illustrent ce d\u00e9sir constant de protection, m\u00eame apr\u00e8s la mort.<br>Puis, des anc\u00eatres repr\u00e9sent\u00e9s par des statuettes, des reliquaires, issus de la R.D. du Congo, du Gabon nous rappellent, que partout, le dialogue continue entre les d\u00e9funts et leurs descendants.<\/p>\n\n\n\n<p>Civilisations expos\u00e9es, anciennes et contemporaines&nbsp;: Chine, Inde, Japon, N\u00e9pal, Indon\u00e9sie, Philippines, Madagascar, Ethiopie, R.D. du Congo, Gabon, Cameroun, Nigeria, Burkina-Faso, C\u00f4te d\u2019Ivoire, Alg\u00e9rie, Niger.<\/p>\n\n\n\n<p>Cette exposition valorise les collections du mus\u00e9e et les nouvelles donations.<br>Merci \u00e0 Anne Depigny, grande amie du mus\u00e9e, pour ses pr\u00eats.<\/p>\n\n\n\n<p><\/p>\n","protected":false},"excerpt":{"rendered":"<p>Dans une sc\u00e9nographie interactive, vous exp\u00e9rimenterez la dimension universelle de l\u2019exposition. Pour commencer, la roue de la protection&nbsp;propose chance, amour, f\u00e9condit\u00e9, puissance\u2026 Au visiteur d\u2019associer ces demandes \u00e0 des amulettes et talismans de diverses provenances. La recherche de protection est &hellip; <a href=\"https:\/\/musee-aaa.com\/?page_id=2426\">Continuer la lecture <span class=\"meta-nav\">&rarr;<\/span><\/a><\/p>\n","protected":false},"author":1,"featured_media":0,"parent":0,"menu_order":0,"comment_status":"closed","ping_status":"closed","template":"","meta":[],"_links":{"self":[{"href":"https:\/\/musee-aaa.com\/index.php?rest_route=\/wp\/v2\/pages\/2426"}],"collection":[{"href":"https:\/\/musee-aaa.com\/index.php?rest_route=\/wp\/v2\/pages"}],"about":[{"href":"https:\/\/musee-aaa.com\/index.php?rest_route=\/wp\/v2\/types\/page"}],"author":[{"embeddable":true,"href":"https:\/\/musee-aaa.com\/index.php?rest_route=\/wp\/v2\/users\/1"}],"replies":[{"embeddable":true,"href":"https:\/\/musee-aaa.com\/index.php?rest_route=%2Fwp%2Fv2%2Fcomments&post=2426"}],"version-history":[{"count":14,"href":"https:\/\/musee-aaa.com\/index.php?rest_route=\/wp\/v2\/pages\/2426\/revisions"}],"predecessor-version":[{"id":2582,"href":"https:\/\/musee-aaa.com\/index.php?rest_route=\/wp\/v2\/pages\/2426\/revisions\/2582"}],"wp:attachment":[{"href":"https:\/\/musee-aaa.com\/index.php?rest_route=%2Fwp%2Fv2%2Fmedia&parent=2426"}],"curies":[{"name":"wp","href":"https:\/\/api.w.org\/{rel}","templated":true}]}}