{"id":2429,"date":"2024-02-19T11:21:16","date_gmt":"2024-02-19T11:21:16","guid":{"rendered":"https:\/\/musee-aaa.com\/?page_id=2429"},"modified":"2024-07-25T15:15:50","modified_gmt":"2024-07-25T15:15:50","slug":"lart-en-exil","status":"publish","type":"page","link":"https:\/\/musee-aaa.com\/?page_id=2429","title":{"rendered":"L&rsquo;ART EN EXIL"},"content":{"rendered":"\n<figure class=\"wp-block-image size-large\"><img loading=\"lazy\" width=\"660\" height=\"928\" src=\"https:\/\/musee-aaa.com\/wp-content\/uploads\/Affiche-ART-EN-EXIL-Web-RVB-660x928.jpg\" alt=\"\" class=\"wp-image-2412\" srcset=\"https:\/\/musee-aaa.com\/wp-content\/uploads\/Affiche-ART-EN-EXIL-Web-RVB-660x928.jpg 660w, https:\/\/musee-aaa.com\/wp-content\/uploads\/Affiche-ART-EN-EXIL-Web-RVB-490x689.jpg 490w, https:\/\/musee-aaa.com\/wp-content\/uploads\/Affiche-ART-EN-EXIL-Web-RVB-213x300.jpg 213w, https:\/\/musee-aaa.com\/wp-content\/uploads\/Affiche-ART-EN-EXIL-Web-RVB.jpg 750w\" sizes=\"(max-width: 660px) 100vw, 660px\" \/><\/figure>\n\n\n\n<p><br><strong>Artiste\u00a0en exil et h\u00e9ros national au Vietnam.<\/strong><\/p>\n\n\n\n<p>H\u00e0m Nghi, empereur d\u2019Annam en 1884, fut prisonnier politique \u00e0 Alger \u00e0 partir de 1889 lors de la colonisation de l\u2019Indochine par la France. Exil\u00e9, d\u00e9chu de son titre d\u2019empereur, l\u2019homme r\u00e9inventa son propre espace de libert\u00e9 \u00e0 travers la cr\u00e9ation artistique.<\/p>\n\n\n\n<p>Form\u00e9 aux beaux-arts par des peintres et sculpteurs fran\u00e7ais, H\u00e0m Nghi est le premier&nbsp;artiste vietnamien moderne. Appel\u00e9&nbsp;le <em>Prince d\u2019Annam<\/em>, il s\u00e9journa r\u00e9guli\u00e8rement en m\u00e9tropole et c\u00f4toya les milieux intellectuels et artistiques de son temps. Son oeuvre fut influenc\u00e9e par l\u2019impressionnisme, le postimpressionnisme, Auguste Rodin dont il fut l\u2019\u00e9l\u00e8ve.<\/p>\n\n\n\n<p>D\u00e8s 1893, il vint en cure thermale \u00e0 Vichy tous les deux ans&nbsp;; la villa <em>Le Prince d\u2019Annam <\/em>porte son nom.<br>Aujourd\u2019hui, H\u00e0m Nghi est toujours c\u00e9l\u00e9br\u00e9 au Vietnam, il incarne la r\u00e9sistance anticoloniale contre la France de la fin du 19<sup>\u00e8me<\/sup> si\u00e8cle.<\/p>\n\n\n\n<p>A travers ses peintures, ses sculptures, l\u2019exposition retrace le parcours singulier d\u2019un artiste. Objets personnels, correspondance t\u00e9moignent d\u2019un univers intime mais toujours travers\u00e9 par le contexte historique, celui de la France coloniale des 19<sup>\u00e8me<\/sup> et 20<sup>\u00e8me<\/sup> si\u00e9cles.<\/p>\n\n\n\n<p>L\u2019exposition s\u2019appuie sur les travaux&nbsp;d\u2019Amandine Dabat, commissaire de l\u2019exposition, auteure d\u2019une th\u00e8se de doctorat&nbsp;soutenue en 2015 et publi\u00e9e en 2019, portant sur la vie et la production artistique de&nbsp;H\u00e0m Nghi dont elle est l\u2019arri\u00e8re-arri\u00e8re-petite-fille.<\/p>\n\n\n\n<p><strong>D\u2019une histoire individuelle \u00e0 des trajectoires collectives.<\/strong><\/p>\n\n\n\n<p>Certains traits de l&rsquo;histoire de H\u00e0m Nghi sont communs \u00e0 toutes les migrations&nbsp;: l\u2019angoisse et le traumatisme de quitter son pays&nbsp;; l\u2019obligation de se reconstruire dans un nouvel environnement.<br>Les accords de Gen\u00e8ve (21 juillet 1954) mettent fin \u00e0 la guerre d\u2019Indochine et consacrent l\u2019ind\u00e9pendance du Vietnam, du Laos et du Cambodge. Cela entra\u00eene des flux de migrations vers la m\u00e9tropole.<\/p>\n\n\n\n<p>A Noyant-d&rsquo;Allier, Histoire et parcours personnels se m\u00ealent&nbsp;: photos, objets, racontent l\u2019arriv\u00e9e apr\u00e8s 1954 de familles vietnamiennes dans ce village du Bourbonnais. Le CARI de Noyant-d&rsquo;Allier (centre d\u2019accueil des rapatri\u00e9s d\u2019Indochine) est alors le plus important de France, il h\u00e9berge environ 5 000 personnes sur le site d\u2019anciens corons d\u00e9saffect\u00e9s. Un accueil temporaire qui deviendra d\u00e9finitif pour certaines familles.<br>La diaspora vietnamienne en France compte aujourd\u2019hui environ 300 000 personnes.<\/p>\n","protected":false},"excerpt":{"rendered":"<p>Artiste\u00a0en exil et h\u00e9ros national au Vietnam. H\u00e0m Nghi, empereur d\u2019Annam en 1884, fut prisonnier politique \u00e0 Alger \u00e0 partir de 1889 lors de la colonisation de l\u2019Indochine par la France. Exil\u00e9, d\u00e9chu de son titre d\u2019empereur, l\u2019homme r\u00e9inventa son &hellip; <a href=\"https:\/\/musee-aaa.com\/?page_id=2429\">Continuer la lecture <span class=\"meta-nav\">&rarr;<\/span><\/a><\/p>\n","protected":false},"author":1,"featured_media":0,"parent":0,"menu_order":0,"comment_status":"closed","ping_status":"closed","template":"","meta":[],"_links":{"self":[{"href":"https:\/\/musee-aaa.com\/index.php?rest_route=\/wp\/v2\/pages\/2429"}],"collection":[{"href":"https:\/\/musee-aaa.com\/index.php?rest_route=\/wp\/v2\/pages"}],"about":[{"href":"https:\/\/musee-aaa.com\/index.php?rest_route=\/wp\/v2\/types\/page"}],"author":[{"embeddable":true,"href":"https:\/\/musee-aaa.com\/index.php?rest_route=\/wp\/v2\/users\/1"}],"replies":[{"embeddable":true,"href":"https:\/\/musee-aaa.com\/index.php?rest_route=%2Fwp%2Fv2%2Fcomments&post=2429"}],"version-history":[{"count":5,"href":"https:\/\/musee-aaa.com\/index.php?rest_route=\/wp\/v2\/pages\/2429\/revisions"}],"predecessor-version":[{"id":2485,"href":"https:\/\/musee-aaa.com\/index.php?rest_route=\/wp\/v2\/pages\/2429\/revisions\/2485"}],"wp:attachment":[{"href":"https:\/\/musee-aaa.com\/index.php?rest_route=%2Fwp%2Fv2%2Fmedia&parent=2429"}],"curies":[{"name":"wp","href":"https:\/\/api.w.org\/{rel}","templated":true}]}}