{"id":2518,"date":"2025-02-16T19:42:36","date_gmt":"2025-02-16T19:42:36","guid":{"rendered":"https:\/\/musee-aaa.com\/?page_id=2518"},"modified":"2025-09-22T14:13:02","modified_gmt":"2025-09-22T14:13:02","slug":"australie-mondes-aborigenes","status":"publish","type":"page","link":"https:\/\/musee-aaa.com\/?page_id=2518","title":{"rendered":"AUSTRALIE MONDES ABORIG\u00c8NES"},"content":{"rendered":"\n<figure class=\"wp-block-image size-large\"><img loading=\"lazy\" width=\"660\" height=\"928\" src=\"https:\/\/musee-aaa.com\/wp-content\/uploads\/Affiche-Aborigenes-Web-RVB-660x928.jpg\" alt=\"\" class=\"wp-image-2510\" srcset=\"https:\/\/musee-aaa.com\/wp-content\/uploads\/Affiche-Aborigenes-Web-RVB-660x928.jpg 660w, https:\/\/musee-aaa.com\/wp-content\/uploads\/Affiche-Aborigenes-Web-RVB-490x689.jpg 490w, https:\/\/musee-aaa.com\/wp-content\/uploads\/Affiche-Aborigenes-Web-RVB-213x300.jpg 213w, https:\/\/musee-aaa.com\/wp-content\/uploads\/Affiche-Aborigenes-Web-RVB.jpg 750w\" sizes=\"(max-width: 660px) 100vw, 660px\" \/><\/figure>\n\n\n\n<p><strong><em>Collections de la galerie Le Temps du R\u00eave, Pont Aven.<br \/><\/em><\/strong><br \/>Dans le D\u00e9sert Central, en Terre d\u2019Arnhem, au Kimberley, des artistes aborig\u00e8nes r\u00e9inventent la peinture abstraite contemporaine. Pointillisme du Centre, aplats de couleurs au Kimberley, \u00e9corces brillantes en Terre d\u2019Arnhem, ces artistes, vieux cow-boys et divas du d\u00e9sert peignent leur <em>Pays<\/em>.<br \/>Si la compr\u00e9hension nous \u00e9chappe, la sensation nous touche. Couleurs pures, sens de la composition, les peintures vibrent, intenses. Leur beaut\u00e9 plastique est une invitation \u00e0 d\u00e9couvrir ces mondes aborig\u00e8nes et leurs initi\u00e9s, les artistes. Car les peintures racontent une croyance commune aux diff\u00e9rents groupes, le Temps du R\u00eave.<br \/><br \/>Le <em>Temps du r\u00eave<\/em> est racont\u00e9 par les mythes de cr\u00e9ation. Aux d\u00e9buts du monde, les anc\u00eatres ont parcouru le territoire et leur marche, leurs actions ont fa\u00e7onn\u00e9 le paysage, les \u00eatres vivants et les lois.<br \/>La g\u00e9ographie actuelle porte la m\u00e9moire des <em>Pistes des R\u00eaves<\/em>. Les h\u00e9ros mythiques ont fusionn\u00e9 avec la terre, formant des rochers, des trous d\u2019eau, des failles\u2026<br \/>L\u2019ensemble de l\u2019Australie est ainsi un vaste r\u00e9seau d\u2019itin\u00e9raires ancestraux et d\u2019histoires, <em>les <\/em><em>R\u00eaves<\/em>. Un R\u00eave relie une personne, une communaut\u00e9 \u00e0 son <em>Pays<\/em>, territoire avec lequel il a une connexion spirituelle.<br \/><br \/>L\u2019abstraction de la peinture est une cartographie du territoire de l\u2019artiste, vu du ciel. Le R\u00eave se d\u00e9roule devant nos yeux, ici un campement, l\u00e0 un \u00e9v\u00e9nement important.<br \/>C\u2019est comme si la puissance esth\u00e9tique de ces peintures activait la force sacr\u00e9e des anc\u00eatres.<br \/><br \/>Moyen d\u2019expression artistique, peindre le R\u00eave est aussi une mani\u00e8re de transmettre un h\u00e9ritage culturel aux jeunes, des connaissances sur la nature, sa pr\u00e9servation, de revendiquer la possession de la terre quand un groupe en a \u00e9t\u00e9 d\u00e9poss\u00e9d\u00e9. Le succ\u00e8s de l\u2019art aborig\u00e8ne dans le monde entier \u00e9claire magnifiquement des communaut\u00e9s longtemps invisibilis\u00e9es.<br \/><br \/>L\u2019exposition c\u00e9l\u00e8bre les pr\u00e9curseurs de diff\u00e9rentes communaut\u00e9s artistiques du D\u00e9sert Central, Papunya, Yuendumu, avec Clifford Oppossum Tjapaltjarri et Ronnie Tjampitjinpa, Michael Nelson Jagamarra puis la r\u00e9gion des APY (Anangu Pitjantjatjara Yankunytjatjara), au nord de l\u2019Australie m\u00e9ridionale avec notamment Mick Wikilyiri. Les artistes femmes sont nombreuses, Kathleen Petyarre \u00e0 Utopia, Judy Watson Napangardi ou Maringka Baker.<br \/>Certains peintres sont novateurs par leurs exp\u00e9rimentations plastiques, comme Tommy Watson, Barney Campbell Tjakamarra ou Minnie Pwerle.<br \/><br \/>Le Kimberley est une belle d\u00e9couverte avec les panneaux peints de Churchill Cann, Beerbee Mungnar Joongoorai, issus du R\u00eave de Rover Thomas. Enfin les \u00e9corces peintes de Terre d\u2019Arnhem, plus anciennes, rappellent la tradition mill\u00e9naire des peintures rupestres de cette r\u00e9gion.<br \/><br \/>Des objets du quotidien ou rituels, statuettes d\u2019initi\u00e9s de Dinny Kunoth, repr\u00e9sentations d\u2019esprits, poteaux de c\u00e9r\u00e9monie, instruments de musique viennent approfondir les th\u00e9matiques de l\u2019exposition et accompagnent une sc\u00e9nographie augment\u00e9e de multim\u00e9dia.<\/p>\n\n\n\n<hr class=\"wp-block-separator has-text-color has-background is-style-wide\" style=\"background-color:#ab822c;color:#ab822c\"\/>\n\n\n\n<p><strong>Vendredi 10 octobre \u00e0 18h<br><em>Quel avenir pour les Premi\u00e8res Nations d\u2019Australie ?<\/em><\/strong><br>Dans le cadre de l\u2019exposition <em>Australie \u2013 Mondes Aborig\u00e8nes.<\/em><br><strong>Conf\u00e9rence du Dr. Alan Bloomfield<\/strong>, <strong>charg\u00e9 de cours associ\u00e9 \u00e0 l&rsquo;Universit\u00e9 d&rsquo;Australie-Occidentale et chercheur en relations internationales.<\/strong><br>Le Dr. Alan Bloomfield pr\u00e9sentera les traditions des peuples aborig\u00e8nes, la colonisation, la discrimination, le g\u00e9nocide qui s&rsquo;ensuivit et enfin la place des Premi\u00e8res Nations dans la soci\u00e9t\u00e9 moderne.<br>Conf\u00e9rence en anglais avec interpr\u00e8te.<strong><br>Avec la pr\u00e9sentation par M. Alain Petiniot des <em>gravures originales de Fran\u00e7ois P\u00e9ron<\/em>, <\/strong>(1775\u20131810), originaire de C\u00e9rilly, naturaliste, zoologiste et explorateur, exp\u00e9dition de Nicolas Baudin vers les Terres Australes (Australie) entre 1800 et 1804.<br>Fran\u00e7ois P\u00e9ron est \u00e0 la fois novateur par son observation sur le terrain et controvers\u00e9 car il annonce les th\u00e9ories de la classification des races du 19<sup>\u00e8me<\/sup> si\u00e8cle. Son \u0153uvre s\u2019inscrit dans l\u2019historiographie du regard sur les autres cultures.<strong><br>Entr\u00e9e libre.<\/strong><\/p>\n\n\n\n<hr class=\"wp-block-separator has-text-color has-background is-style-wide\" style=\"background-color:#ab822c;color:#ab822c\"\/>\n\n\n\n<figure class=\"wp-block-image size-large\"><img loading=\"lazy\" width=\"660\" height=\"631\" src=\"https:\/\/musee-aaa.com\/wp-content\/uploads\/Sophie-de-saint-Martin-2-660x631.jpg\" alt=\"\" class=\"wp-image-2602\" srcset=\"https:\/\/musee-aaa.com\/wp-content\/uploads\/Sophie-de-saint-Martin-2-660x631.jpg 660w, https:\/\/musee-aaa.com\/wp-content\/uploads\/Sophie-de-saint-Martin-2-490x468.jpg 490w, https:\/\/musee-aaa.com\/wp-content\/uploads\/Sophie-de-saint-Martin-2-314x300.jpg 314w, https:\/\/musee-aaa.com\/wp-content\/uploads\/Sophie-de-saint-Martin-2.jpg 750w\" sizes=\"(max-width: 660px) 100vw, 660px\" \/><\/figure>\n\n\n\n<p><strong>Vendredi 24 octobre de 15h \u00e0 17h30<br>Atelier Broderie au mus\u00e9e <\/strong>inspir\u00e9 par l\u2019exposition <em>Australie \u2013 Mondes aborig\u00e8nes, <\/em>anim\u00e9 par <strong>Sophie de Saint-Martin \u00ab\u00a0Magie de Soie\u00a0\u00bb.<\/strong><br>De d\u00e9butant \u00e0 initi\u00e9.<br>Atelier de 10 personnes, sur r\u00e9servation au 04 70 97 76 40 ou musee-aaa@wanadoo.fr<br>20\u20ac par personne (comprenant \u00e9galement l\u2019entr\u00e9e aux expositions).<br>Le mat\u00e9riel est inclus, tambour fourni + toile.<\/p>\n\n\n","protected":false},"excerpt":{"rendered":"<p>Collections de la galerie Le Temps du R\u00eave, Pont Aven.Dans le D\u00e9sert Central, en Terre d\u2019Arnhem, au Kimberley, des artistes aborig\u00e8nes r\u00e9inventent la peinture abstraite contemporaine. Pointillisme du Centre, aplats de couleurs au Kimberley, \u00e9corces brillantes en Terre d\u2019Arnhem, ces &hellip; <a href=\"https:\/\/musee-aaa.com\/?page_id=2518\">Continuer la lecture <span class=\"meta-nav\">&rarr;<\/span><\/a><\/p>\n","protected":false},"author":1,"featured_media":0,"parent":0,"menu_order":0,"comment_status":"closed","ping_status":"closed","template":"","meta":[],"_links":{"self":[{"href":"https:\/\/musee-aaa.com\/index.php?rest_route=\/wp\/v2\/pages\/2518"}],"collection":[{"href":"https:\/\/musee-aaa.com\/index.php?rest_route=\/wp\/v2\/pages"}],"about":[{"href":"https:\/\/musee-aaa.com\/index.php?rest_route=\/wp\/v2\/types\/page"}],"author":[{"embeddable":true,"href":"https:\/\/musee-aaa.com\/index.php?rest_route=\/wp\/v2\/users\/1"}],"replies":[{"embeddable":true,"href":"https:\/\/musee-aaa.com\/index.php?rest_route=%2Fwp%2Fv2%2Fcomments&post=2518"}],"version-history":[{"count":8,"href":"https:\/\/musee-aaa.com\/index.php?rest_route=\/wp\/v2\/pages\/2518\/revisions"}],"predecessor-version":[{"id":2646,"href":"https:\/\/musee-aaa.com\/index.php?rest_route=\/wp\/v2\/pages\/2518\/revisions\/2646"}],"wp:attachment":[{"href":"https:\/\/musee-aaa.com\/index.php?rest_route=%2Fwp%2Fv2%2Fmedia&parent=2518"}],"curies":[{"name":"wp","href":"https:\/\/api.w.org\/{rel}","templated":true}]}}