{"id":33,"date":"2012-04-29T23:41:35","date_gmt":"2012-04-29T23:41:35","guid":{"rendered":"http:\/\/musee-aaa.com\/?page_id=33"},"modified":"2017-03-30T16:09:13","modified_gmt":"2017-03-30T16:09:13","slug":"linde-saffiche","status":"publish","type":"page","link":"https:\/\/musee-aaa.com\/?page_id=33","title":{"rendered":"L&rsquo;Inde s&rsquo;affiche"},"content":{"rendered":"<p style=\"text-align: justify;\"><img loading=\"lazy\" class=\"alignnone size-medium wp-image-57\" src=\"https:\/\/musee-aaa.com\/wp-content\/uploads\/affiche-inde-490x707.jpg\" alt=\"\" width=\"490\" height=\"707\" srcset=\"https:\/\/musee-aaa.com\/wp-content\/uploads\/affiche-inde-490x707.jpg 490w, https:\/\/musee-aaa.com\/wp-content\/uploads\/affiche-inde-678x978.jpg 678w, https:\/\/musee-aaa.com\/wp-content\/uploads\/affiche-inde-207x300.jpg 207w, https:\/\/musee-aaa.com\/wp-content\/uploads\/affiche-inde.jpg 800w\" sizes=\"(max-width: 490px) 100vw, 490px\" \/><\/p>\n<p style=\"text-align: left;\"><strong>En collaboration avec St\u00e9phane Guillerme, d\u00e9tective en graphisme, auteur et collectionneur passionn\u00e9.<\/strong><\/p>\n<p><iframe loading=\"lazy\" src=\"http:\/\/api.dmcloud.net\/player\/embed\/4e709e80f325e11e5f000025\/4fa2446206361d15ce000270\/f9b10b4cfc1f4acda28c67f0bb105813?exported=1\" width=\"100%\" height=\"376\" frameborder=\"0\"><\/iframe><\/p>\n<p style=\"text-align: left;\">En Inde, le chef d\u2019\u0153uvre est la rue. Tout ce qui fait sens est pouss\u00e9 \u00e0 son paroxysme, les odeurs, les sons et surtout les couleurs. La culture visuelle est ancestrale, l\u2019image informe, divertit, sacralise. L\u2019image est omnipr\u00e9sente, en v\u00e9ritable miroir de l\u2019identit\u00e9 indienne. Chacun est familier des codes graphiques. Chacun conna\u00eet les sources, issues des grands r\u00e9cits \u00e9piques. Cet h\u00e9ritage est illustr\u00e9 dans les affiches publicitaires, les banderoles \u00e9lectorales, les programmes des cin\u00e9mas, les r\u00e9clames pour les f\u00eates religieuses et enfin les images v\u00e9n\u00e9r\u00e9es des divinit\u00e9s.<\/p>\n<p><img loading=\"lazy\" class=\"alignnone size-medium wp-image-303\" title=\"\" src=\"https:\/\/musee-aaa.com\/wp-content\/uploads\/affiches-inde-2-490x302.jpg\" alt=\"\" width=\"490\" height=\"302\" srcset=\"https:\/\/musee-aaa.com\/wp-content\/uploads\/affiches-inde-2-490x302.jpg 490w, https:\/\/musee-aaa.com\/wp-content\/uploads\/affiches-inde-2-486x300.jpg 486w, https:\/\/musee-aaa.com\/wp-content\/uploads\/affiches-inde-2.jpg 660w\" sizes=\"(max-width: 490px) 100vw, 490px\" \/><\/p>\n<p style=\"text-align: left;\"><em>L\u2019Inde s\u2019affiche<\/em> vous propose de d\u00e9couvrir cet univers graphique de la rue indienne du nord au sud, avec son univers sonore, ses objets d\u2019aujourd\u2019hui : vache sacr\u00e9e, \u00e9talages, statues et masques de divinit\u00e9s port\u00e9s en procession, autels religieux&#8230;<\/p>\n<p><img loading=\"lazy\" class=\"alignnone size-medium wp-image-287\" title=\"\" src=\"https:\/\/musee-aaa.com\/wp-content\/uploads\/affiches-inde-490x302.jpg\" alt=\"\" width=\"490\" height=\"302\" srcset=\"https:\/\/musee-aaa.com\/wp-content\/uploads\/affiches-inde-490x302.jpg 490w, https:\/\/musee-aaa.com\/wp-content\/uploads\/affiches-inde-486x300.jpg 486w, https:\/\/musee-aaa.com\/wp-content\/uploads\/affiches-inde.jpg 660w\" sizes=\"(max-width: 490px) 100vw, 490px\" \/><\/p>\n","protected":false},"excerpt":{"rendered":"<p>En collaboration avec St\u00e9phane Guillerme, d\u00e9tective en graphisme, auteur et collectionneur passionn\u00e9. En Inde, le chef d\u2019\u0153uvre est la rue. Tout ce qui fait sens est pouss\u00e9 \u00e0 son paroxysme, les odeurs, les sons et surtout les couleurs. La culture &hellip; <a href=\"https:\/\/musee-aaa.com\/?page_id=33\">Continuer la lecture <span class=\"meta-nav\">&rarr;<\/span><\/a><\/p>\n","protected":false},"author":1,"featured_media":0,"parent":0,"menu_order":0,"comment_status":"closed","ping_status":"open","template":"","meta":[],"_links":{"self":[{"href":"https:\/\/musee-aaa.com\/index.php?rest_route=\/wp\/v2\/pages\/33"}],"collection":[{"href":"https:\/\/musee-aaa.com\/index.php?rest_route=\/wp\/v2\/pages"}],"about":[{"href":"https:\/\/musee-aaa.com\/index.php?rest_route=\/wp\/v2\/types\/page"}],"author":[{"embeddable":true,"href":"https:\/\/musee-aaa.com\/index.php?rest_route=\/wp\/v2\/users\/1"}],"replies":[{"embeddable":true,"href":"https:\/\/musee-aaa.com\/index.php?rest_route=%2Fwp%2Fv2%2Fcomments&post=33"}],"version-history":[{"count":51,"href":"https:\/\/musee-aaa.com\/index.php?rest_route=\/wp\/v2\/pages\/33\/revisions"}],"predecessor-version":[{"id":1478,"href":"https:\/\/musee-aaa.com\/index.php?rest_route=\/wp\/v2\/pages\/33\/revisions\/1478"}],"wp:attachment":[{"href":"https:\/\/musee-aaa.com\/index.php?rest_route=%2Fwp%2Fv2%2Fmedia&parent=33"}],"curies":[{"name":"wp","href":"https:\/\/api.w.org\/{rel}","templated":true}]}}