{"id":35,"date":"2012-04-29T23:43:43","date_gmt":"2012-04-29T23:43:43","guid":{"rendered":"http:\/\/musee-aaa.com\/?page_id=35"},"modified":"2017-03-30T16:10:19","modified_gmt":"2017-03-30T16:10:19","slug":"afghanistan","status":"publish","type":"page","link":"https:\/\/musee-aaa.com\/?page_id=35","title":{"rendered":"Afghanistan"},"content":{"rendered":"<p><img loading=\"lazy\" class=\"alignnone size-medium wp-image-56\" title=\"\" src=\"https:\/\/musee-aaa.com\/wp-content\/uploads\/affiche-afghanistan-490x707.jpg\" alt=\"\" width=\"490\" height=\"707\" srcset=\"https:\/\/musee-aaa.com\/wp-content\/uploads\/affiche-afghanistan-490x707.jpg 490w, https:\/\/musee-aaa.com\/wp-content\/uploads\/affiche-afghanistan-678x978.jpg 678w, https:\/\/musee-aaa.com\/wp-content\/uploads\/affiche-afghanistan-207x300.jpg 207w, https:\/\/musee-aaa.com\/wp-content\/uploads\/affiche-afghanistan.jpg 800w\" sizes=\"(max-width: 490px) 100vw, 490px\" \/><\/p>\n<p style=\"text-align: left;\"><strong>Photographies de Pierre Reinhard.<\/strong><\/p>\n<p><img loading=\"lazy\" class=\"alignnone size-medium wp-image-292\" title=\"\" src=\"https:\/\/musee-aaa.com\/wp-content\/uploads\/photo-afghanistan-1-490x302.jpg\" alt=\"\" width=\"490\" height=\"302\" srcset=\"https:\/\/musee-aaa.com\/wp-content\/uploads\/photo-afghanistan-1-490x302.jpg 490w, https:\/\/musee-aaa.com\/wp-content\/uploads\/photo-afghanistan-1-486x300.jpg 486w, https:\/\/musee-aaa.com\/wp-content\/uploads\/photo-afghanistan-1.jpg 660w\" sizes=\"(max-width: 490px) 100vw, 490px\" \/><\/p>\n<p style=\"text-align: left;\">En 2003, Pierre Reinhard a voyag\u00e9 plusieurs mois en Afghanistan. Loin des reportages de guerre, ses photographies racontent le quotidien des populations, des touches de modernit\u00e9 dans le paysage urbain aux images d\u2019une tradition s\u00e9culaire. Un t\u00e9moignage important.<\/p>\n<p style=\"text-align: left;\"><img loading=\"lazy\" class=\"alignnone size-medium wp-image-293\" title=\"\" src=\"https:\/\/musee-aaa.com\/wp-content\/uploads\/photo-afghanistan-2-490x302.jpg\" alt=\"\" width=\"490\" height=\"302\" srcset=\"https:\/\/musee-aaa.com\/wp-content\/uploads\/photo-afghanistan-2-490x302.jpg 490w, https:\/\/musee-aaa.com\/wp-content\/uploads\/photo-afghanistan-2-486x300.jpg 486w, https:\/\/musee-aaa.com\/wp-content\/uploads\/photo-afghanistan-2.jpg 660w\" sizes=\"(max-width: 490px) 100vw, 490px\" \/><\/p>\n<p style=\"text-align: left;\">L&rsquo;Afghanistan fut pendant des mill\u00e9naires une terre de contacts et d\u2019\u00e9changes entre les civilisations. Gr\u00e2ce \u00e0 sa situation g\u00e9ographique sur les routes du commerce Orient-Occident, sur les routes des steppes, diverses influences culturelles, le brassage des peuples, la cohabitation des religions ont fa\u00e7onn\u00e9 le pays. Ainsi en t\u00e9moignent d\u2019exceptionnelles et originales \u0153uvres d\u2019art.<\/p>\n<p style=\"text-align: left;\"><img loading=\"lazy\" class=\"alignnone size-medium wp-image-292\" title=\"\" src=\"https:\/\/musee-aaa.com\/wp-content\/uploads\/photo-afghanistan-3-490x302.jpg\" alt=\"\" width=\"490\" height=\"302\" \/><\/p>\n<p style=\"text-align: left;\">Avec l\u2019aide pr\u00e9cieuse du mus\u00e9e des arts asiatiques Guimet et l\u2019ambassade de la R\u00e9publique Islamique d\u2019Afghanistan.<\/p>\n","protected":false},"excerpt":{"rendered":"<p>Photographies de Pierre Reinhard. En 2003, Pierre Reinhard a voyag\u00e9 plusieurs mois en Afghanistan. Loin des reportages de guerre, ses photographies racontent le quotidien des populations, des touches de modernit\u00e9 dans le paysage urbain aux images d\u2019une tradition s\u00e9culaire. Un &hellip; <a href=\"https:\/\/musee-aaa.com\/?page_id=35\">Continuer la lecture <span class=\"meta-nav\">&rarr;<\/span><\/a><\/p>\n","protected":false},"author":1,"featured_media":0,"parent":0,"menu_order":500,"comment_status":"closed","ping_status":"closed","template":"","meta":[],"_links":{"self":[{"href":"https:\/\/musee-aaa.com\/index.php?rest_route=\/wp\/v2\/pages\/35"}],"collection":[{"href":"https:\/\/musee-aaa.com\/index.php?rest_route=\/wp\/v2\/pages"}],"about":[{"href":"https:\/\/musee-aaa.com\/index.php?rest_route=\/wp\/v2\/types\/page"}],"author":[{"embeddable":true,"href":"https:\/\/musee-aaa.com\/index.php?rest_route=\/wp\/v2\/users\/1"}],"replies":[{"embeddable":true,"href":"https:\/\/musee-aaa.com\/index.php?rest_route=%2Fwp%2Fv2%2Fcomments&post=35"}],"version-history":[{"count":42,"href":"https:\/\/musee-aaa.com\/index.php?rest_route=\/wp\/v2\/pages\/35\/revisions"}],"predecessor-version":[{"id":1480,"href":"https:\/\/musee-aaa.com\/index.php?rest_route=\/wp\/v2\/pages\/35\/revisions\/1480"}],"wp:attachment":[{"href":"https:\/\/musee-aaa.com\/index.php?rest_route=%2Fwp%2Fv2%2Fmedia&parent=35"}],"curies":[{"name":"wp","href":"https:\/\/api.w.org\/{rel}","templated":true}]}}