{"id":402,"date":"2012-07-14T12:14:33","date_gmt":"2012-07-14T12:14:33","guid":{"rendered":"http:\/\/musee-aaa.com\/?page_id=402"},"modified":"2026-04-14T13:46:42","modified_gmt":"2026-04-14T13:46:42","slug":"horaires-tarifs-visites-guidees","status":"publish","type":"page","link":"https:\/\/musee-aaa.com\/?page_id=402","title":{"rendered":"Mus\u00e9e pratique"},"content":{"rendered":"<p><strong>Du 11 avril au 1er novembre 2026, du mardi au dimanche, de 14h \u00e0 18h.<\/strong><br \/>\n<strong>Ouvert les jours f\u00e9ri\u00e9s.<\/strong><br \/>\n<strong>Ferm\u00e9 le lundi.<\/strong><br \/>\nTarif pour les individuels : 5\u20ac ; tarif r\u00e9duit : 3\u20ac<br \/>\nGratuit jusqu&rsquo;\u00e0 18 ans.<br \/>\nLe mus\u00e9e AAA n&rsquo;\u00e9tant pas une institution nationale ou municipale, la gratuit\u00e9 du 1er dimanche du mois ne s&rsquo;applique pas.<\/p>\n<ul>\n<li>Un mus\u00e9e adapt\u00e9 aux visites en famille avec des points m\u00e9diation pour les plus jeunes.<\/li>\n<li>Des ateliers plastiques en acc\u00e8s libre pour tous.<\/li>\n<\/ul>\n<p><strong>R\u00e9servations groupes :<\/strong><br \/>\nDisponibilit\u00e9s d&rsquo;avril \u00e0 octobre 2026 du lundi au dimanche de 9h \u00e0 17h.<br \/>\nTarif de la visite guid\u00e9e pour un groupe adulte : 5\u20ac par personne jusqu\u2019\u00e0 15<br \/>\npersonnes\u00a0; tarif d\u00e9gressif au-dessus de 16 personnes.<br \/>\nTarif pour les scolaires et les centres de loisirs : forfait par classe \/ groupe = 75\u20ac (visite + atelier, dur\u00e9e 2 heures).<\/p>\n<p><strong>Se renseigner pour le tarif et l&rsquo;accueil :<\/strong><\/p>\n<ul>\n<li>de 2 classes en simultan\u00e9.<\/li>\n<li>des groupes de moins de 15 personnes.<\/li>\n<li>Gratuit\u00e9 pour les enseignants de la r\u00e9gion et les accompagnateurs.<\/li>\n<\/ul>\n<p><strong>Relais du champs social :<br \/>\n<\/strong>Afin de lutter contre toute forme d\u2019exclusion, de favoriser l\u2019acc\u00e8s \u00e0 la culture au plus grand nombre, de rendre le mus\u00e9e plus proche et plus accueillant,\u00a0le mus\u00e9e met en place une offre culturelle vari\u00e9e, des m\u00e9diations adapt\u00e9es, des approches sp\u00e9cifiques en direction des personnes \u00e9loign\u00e9es des\u00a0pratiques culturelles et de leurs accompagnateurs, professionnels ou b\u00e9n\u00e9voles du secteur social.<\/p>\n<p>Pour plus d\u2019informations :<br \/>\nmusee-aaa@wanadoo.fr \/ 04 70 97 76 40<\/p>\n<p><strong>Accessibilit\u00e9 :<\/strong><br \/>\nLe mus\u00e9e est enti\u00e8rement accessible aux personnes \u00e0 mobilit\u00e9 r\u00e9duite.<br \/>\nLe portail se situe juste avant le 16 avenue Thermale, une rampe permet<br \/>\nl&rsquo;acc\u00e8s au mus\u00e9e. Le mus\u00e9e est pourvu d&rsquo;un ascenseur.<\/p>\n<p><strong><a href=\"https:\/\/musee-aaa.com\/?page_id=94\">Les visites P\u00e9dagogiques<\/a><\/strong><\/p>\n","protected":false},"excerpt":{"rendered":"<p>Du 11 avril au 1er novembre 2026, du mardi au dimanche, de 14h \u00e0 18h. Ouvert les jours f\u00e9ri\u00e9s. Ferm\u00e9 le lundi. Tarif pour les individuels : 5\u20ac ; tarif r\u00e9duit : 3\u20ac Gratuit jusqu&rsquo;\u00e0 18 ans. Le mus\u00e9e AAA &hellip; <a href=\"https:\/\/musee-aaa.com\/?page_id=402\">Continuer la lecture <span class=\"meta-nav\">&rarr;<\/span><\/a><\/p>\n","protected":false},"author":1,"featured_media":0,"parent":0,"menu_order":0,"comment_status":"closed","ping_status":"closed","template":"","meta":[],"_links":{"self":[{"href":"https:\/\/musee-aaa.com\/index.php?rest_route=\/wp\/v2\/pages\/402"}],"collection":[{"href":"https:\/\/musee-aaa.com\/index.php?rest_route=\/wp\/v2\/pages"}],"about":[{"href":"https:\/\/musee-aaa.com\/index.php?rest_route=\/wp\/v2\/types\/page"}],"author":[{"embeddable":true,"href":"https:\/\/musee-aaa.com\/index.php?rest_route=\/wp\/v2\/users\/1"}],"replies":[{"embeddable":true,"href":"https:\/\/musee-aaa.com\/index.php?rest_route=%2Fwp%2Fv2%2Fcomments&post=402"}],"version-history":[{"count":61,"href":"https:\/\/musee-aaa.com\/index.php?rest_route=\/wp\/v2\/pages\/402\/revisions"}],"predecessor-version":[{"id":2664,"href":"https:\/\/musee-aaa.com\/index.php?rest_route=\/wp\/v2\/pages\/402\/revisions\/2664"}],"wp:attachment":[{"href":"https:\/\/musee-aaa.com\/index.php?rest_route=%2Fwp%2Fv2%2Fmedia&parent=402"}],"curies":[{"name":"wp","href":"https:\/\/api.w.org\/{rel}","templated":true}]}}