{"id":625,"date":"2013-03-29T01:29:00","date_gmt":"2013-03-29T01:29:00","guid":{"rendered":"http:\/\/musee-aaa.com\/?page_id=625"},"modified":"2017-03-30T16:08:24","modified_gmt":"2017-03-30T16:08:24","slug":"le-japon-amoureux-musee-art-afrique-asie-vichy","status":"publish","type":"page","link":"https:\/\/musee-aaa.com\/?page_id=625","title":{"rendered":"Le Japon Amoureux"},"content":{"rendered":"<p><img loading=\"lazy\" class=\"alignnone size-full wp-image-570\" src=\"https:\/\/musee-aaa.com\/wp-content\/uploads\/japon.jpg\" alt=\"\" width=\"490\" height=\"708\" srcset=\"https:\/\/musee-aaa.com\/wp-content\/uploads\/japon.jpg 490w, https:\/\/musee-aaa.com\/wp-content\/uploads\/japon-207x300.jpg 207w\" sizes=\"(max-width: 490px) 100vw, 490px\" \/><\/p>\n<p style=\"text-align: left;\"><strong>Des collections d\u2019estampes et les objets de la beaut\u00e9 f\u00e9minine racontent une vision particuli\u00e8re du monde.<\/strong><\/p>\n<p style=\"text-align: left;\"><strong>Quoi de mieux qu\u2019une histoire d\u2019amour pour d\u00e9couvrir une culture !<\/strong><br \/>\nLes histoires d\u2019amour sont issues de la litt\u00e9rature classique et des traditions populaires. Amants passionn\u00e9s, \u00e9pouses fid\u00e8les, personnages sacrifi\u00e9s, femmes d\u00e9mons \u2026 peuplent l\u2019univers des estampes japonaises. Par un po\u00e8me calligraphi\u00e9, une posture, h\u00e9ros et h\u00e9ro\u00efnes illustrent le sentiment amoureux au Japon.<\/p>\n<p style=\"text-align: left;\"><strong>D\u2019un monde \u00e0 l\u2019autre.<\/strong><br \/>\n1830, Edo, ville des shoguns, les chefs militaires qui gouvernent le pays. Depuis 2 si\u00e8cles, le Japon est ferm\u00e9 au reste du monde. Le pays est en paix, les villes prosp\u00e8rent, la classe des marchands acquiert richesse et prestige. Une culture populaire, urbaine, ax\u00e9e sur le divertissement, s\u2019\u00e9panouit. A Edo, deux lieux attirent les bourgeois en qu\u00eate de distractions : le quartier des th\u00e9\u00e2tres et le quartier des plaisirs, le Yoshiwara. Les lumi\u00e8res d\u2019Edo \u00e9clairent tout particuli\u00e8rement l\u2019acteur de Kabuki et la geisha.<\/p>\n<p style=\"text-align: left;\"><strong>L\u2019art de l\u2019estampe<\/strong> est le m\u00e9dia du 19\u00e8me si\u00e8cle. Les estampes parodient les textes classiques, annoncent les repr\u00e9sentations th\u00e9\u00e2trales, font la r\u00e9clame des maisons de th\u00e9. Les images t\u00e9moignent de l\u2019effervescence culturelle d\u2019Edo. Le monde japonais va pourtant changer avec l\u2019\u00e8re Meiji.<br \/>\nEstampe se dit ukiyo-e, image du monde flottant. Car ce monde est \u00e9ph\u00e9m\u00e8re, vou\u00e9 \u00e0 dispara\u00eetre.<\/p>\n<p style=\"text-align: left;\"><strong><cite><em>La vie est un songe\u00a0<\/em><br \/>\n<em>Sans r\u00e9veil et sans cesse\u00a0<\/em><br \/>\n<em>Impermanent<\/em><br \/>\n<em>Mais jamais encore ne vis<\/em><br \/>\n<em>Songe pareil \u00e0 celui-ci.<\/em><\/cite><\/strong><br \/>\npo\u00e8me<em> Nuits blanches, <\/em>Journal de Murasaki Shikibu<br \/>\n(env 973-1010 ou 1025).<\/p>\n<p style=\"text-align: left;\"><strong>En partenariat avec CREATIVE MUSEUM<br \/>\n<a href=\"http:\/\/www.creative-museum.com\" target=\"_blank\"><img loading=\"lazy\" class=\"alignnone size-full wp-image-698\" src=\"https:\/\/musee-aaa.com\/wp-content\/uploads\/logo-creative-museum.jpg\" alt=\"\" width=\"332\" height=\"100\" \/><\/a><\/strong><\/p>\n<p style=\"text-align: left;\"><strong>En partenariat avec Ma\u00efko et Tetsuya GOTANI <\/strong><br \/>\n<strong>de l&rsquo;Association JANA <\/strong><strong>( Japon Auvergne &#8211; Nippon Auvergne )\u00a0<\/strong><br \/>\n<a href=\"http:\/\/jana63.canalblog.com\" target=\"_blank\"><img loading=\"lazy\" class=\"alignnone size-full wp-image-702\" src=\"https:\/\/musee-aaa.com\/wp-content\/uploads\/logo-jana-2.jpg\" alt=\"\" width=\"332\" height=\"100\" \/><\/a><\/p>\n","protected":false},"excerpt":{"rendered":"<p>Des collections d\u2019estampes et les objets de la beaut\u00e9 f\u00e9minine racontent une vision particuli\u00e8re du monde. Quoi de mieux qu\u2019une histoire d\u2019amour pour d\u00e9couvrir une culture ! Les histoires d\u2019amour sont issues de la litt\u00e9rature classique et des traditions populaires. &hellip; <a href=\"https:\/\/musee-aaa.com\/?page_id=625\">Continuer la lecture <span class=\"meta-nav\">&rarr;<\/span><\/a><\/p>\n","protected":false},"author":1,"featured_media":0,"parent":0,"menu_order":0,"comment_status":"closed","ping_status":"closed","template":"","meta":[],"_links":{"self":[{"href":"https:\/\/musee-aaa.com\/index.php?rest_route=\/wp\/v2\/pages\/625"}],"collection":[{"href":"https:\/\/musee-aaa.com\/index.php?rest_route=\/wp\/v2\/pages"}],"about":[{"href":"https:\/\/musee-aaa.com\/index.php?rest_route=\/wp\/v2\/types\/page"}],"author":[{"embeddable":true,"href":"https:\/\/musee-aaa.com\/index.php?rest_route=\/wp\/v2\/users\/1"}],"replies":[{"embeddable":true,"href":"https:\/\/musee-aaa.com\/index.php?rest_route=%2Fwp%2Fv2%2Fcomments&post=625"}],"version-history":[{"count":23,"href":"https:\/\/musee-aaa.com\/index.php?rest_route=\/wp\/v2\/pages\/625\/revisions"}],"predecessor-version":[{"id":1476,"href":"https:\/\/musee-aaa.com\/index.php?rest_route=\/wp\/v2\/pages\/625\/revisions\/1476"}],"wp:attachment":[{"href":"https:\/\/musee-aaa.com\/index.php?rest_route=%2Fwp%2Fv2%2Fmedia&parent=625"}],"curies":[{"name":"wp","href":"https:\/\/api.w.org\/{rel}","templated":true}]}}