{"id":762,"date":"2014-02-17T16:00:45","date_gmt":"2014-02-17T16:00:45","guid":{"rendered":"http:\/\/musee-aaa.com\/?page_id=762"},"modified":"2017-03-30T16:06:02","modified_gmt":"2017-03-30T16:06:02","slug":"plumes","status":"publish","type":"page","link":"https:\/\/musee-aaa.com\/?page_id=762","title":{"rendered":"Plumes"},"content":{"rendered":"<p><strong><img loading=\"lazy\" class=\"alignnone size-full wp-image-814\" src=\"https:\/\/musee-aaa.com\/wp-content\/uploads\/Affiche-Plumes-2014.jpg\" alt=\"Affiche-Plumes-2014\" width=\"490\" height=\"789\" srcset=\"https:\/\/musee-aaa.com\/wp-content\/uploads\/Affiche-Plumes-2014.jpg 490w, https:\/\/musee-aaa.com\/wp-content\/uploads\/Affiche-Plumes-2014-186x300.jpg 186w\" sizes=\"(max-width: 490px) 100vw, 490px\" \/><\/strong><\/p>\n<p style=\"text-align: left;\"><span style=\"font-size: large;\"><strong>Exposition temporaire 2014.<\/strong><\/span><\/p>\n<p style=\"text-align: left;\"><strong>Des pr\u00eats de mus\u00e9es et de collections particuli\u00e8res rassembl\u00e9s pour la premi\u00e8re fois \u00e0 Vichy.<\/strong><\/p>\n<p style=\"text-align: left;\"><strong>Un sujet original couvrant l\u2019histoire des arts et l\u2019ethno-ornithologie.<br \/>\n<\/strong><br \/>\nLa beaut\u00e9 de ses plumes, la libert\u00e9 de son vol \u2026 L\u2019oiseau fascine et ouvre notre imaginaire.<br \/>\n<span style=\"color: #333333; font-style: normal; line-height: 24.375px;\">Qu\u2019en est-il ailleurs de ce lien privil\u00e9gi\u00e9 avec l\u2019\u00e2me humaine\u00a0?<\/span><\/p>\n<p style=\"text-align: left;\"><b>A travers l\u2019histoire de cinq oiseaux, essentiels dans leur culture, <\/b><em><b>Plumes<\/b><b> <\/b><\/em><b>explore cinq civilisations, L\u2019Inde, la Chine, la C\u00f4te d\u2019Ivoire, la Nouvelle Guin\u00e9e et les Etats Unis d\u2019Am\u00e9rique.<\/b><\/p>\n<p style=\"text-align: left;\">Autrefois, les plumes bleues du martin chasseur ornaient les plus belles coiffes des femmes de l\u2019aristocratie chinoise. En Inde, le paon symbole de l\u2019amour conjugal tr\u00f4ne encore sur les boites \u00e0 parfums tandis qu\u2019en C\u00f4te d\u2019Ivoire, le calao, oiseau primordial dans la cr\u00e9ation du monde, surmonte les masques s\u00e9noufo. Le casoar de Papouasie Nouvelle-Guin\u00e9e est une image de puissance et embellit les panaches des chefs coutumiers. Comme l\u2019aigle de la nation indienne d\u2019Am\u00e9rique du Nord, dont les plumes r\u00e9v\u00e9laient le courage des grands guerriers.<\/p>\n<p style=\"text-align: left;\">De magnifiques objets sont concern\u00e9s : les parures et les v\u00eatements, les objets et accessoires de culte, les armes, les \u00e9l\u00e9ments d\u00e9coratifs.<\/p>\n<p style=\"text-align: left;\">Pourquoi le choix de cet oiseau pour cette culture particuli\u00e8re ?<br \/>\nEst-ce ses sp\u00e9cificit\u00e9s anatomiques qui expliquent son importance ? La caract\u00e9ristique des plumes, la forme du bec ? Est-ce son mode de vie ?<br \/>\nLa connaissance de l\u2019oiseau renvoie \u00e0 la repr\u00e9sentation du monde qu\u2019en ont les populations et \u00e0 leur cosmogonie.\u00a0Car la beaut\u00e9 des plumes ne suffit pas \u00e0 expliquer la pr\u00e9sence de l\u2019oiseau sur un objet. Les qualit\u00e9s de l\u2019oiseau sont symboles pour l\u2019homme. Une relation unique s&rsquo;\u00e9tablit.<\/p>\n<p><strong><img loading=\"lazy\" src=\"https:\/\/musee-aaa.com\/wp-content\/uploads\/CM-dragon-mp-Chine.jpg\" alt=\"CM-dragon-mp-Chine\" width=\"490\" height=\"300\" \/><br \/>\n<\/strong><i>Epingle au dragon.<i>\u00a0Dynastie Qing,\u00a0<\/i><i>Chine,\u00a0<i>plumes de martin-chasseur,<\/i><\/i><\/i><i><i>\u00a0m\u00e9tal<\/i><\/i><i><i>.\u00a0<\/i><\/i><em id=\"__mceDel\"><i><small><i>Photographie Creative Museum\u00a0<\/i><\/small><i>\u00a9<\/i><\/i><\/em><\/p>\n<p><img loading=\"lazy\" class=\"alignnone size-full wp-image-776\" src=\"https:\/\/musee-aaa.com\/wp-content\/uploads\/073_C39-H.jpg\" alt=\"073_C39-H\" width=\"490\" height=\"300\" \/><br \/>\n<em id=\"__mceDel\"><i>Diad\u00e8me aux personnages.<i>\u00a0Dynastie Qing,\u00a0<\/i><i>Chine,\u00a0<i>plumes de martin-chasseur,<\/i><\/i><\/i><i>\u00a0m\u00e9tal<\/i><i><i>.\u00a0<\/i><small><i>Photographie Creative Museum\u00a0<\/i><\/small><i>\u00a9<\/i><\/i><\/em><\/p>\n<p><img loading=\"lazy\" class=\"alignnone size-full wp-image-775\" src=\"https:\/\/musee-aaa.com\/wp-content\/uploads\/003_B61-H-tinglit.jpg\" alt=\"003_B61-H-tinglit\" width=\"490\" height=\"300\" \/><br \/>\n<em>Epingle de chaman. D\u00e9but du 20\u00e8me si\u00e8cle, population Tlingit, Am\u00e9rique du nord, os de baleine, nacre.\u00a0<i><small><i>Photographie Creative Museum\u00a0<\/i><\/small><i>\u00a9<\/i><\/i><\/em><\/p>\n<p><img loading=\"lazy\" class=\"alignnone size-full wp-image-698\" src=\"https:\/\/musee-aaa.com\/wp-content\/uploads\/logo-creative-museum.jpg\" alt=\"logo-creative-museum\" width=\"332\" height=\"100\" \/><\/p>\n","protected":false},"excerpt":{"rendered":"<p>Exposition temporaire 2014. Des pr\u00eats de mus\u00e9es et de collections particuli\u00e8res rassembl\u00e9s pour la premi\u00e8re fois \u00e0 Vichy. Un sujet original couvrant l\u2019histoire des arts et l\u2019ethno-ornithologie. La beaut\u00e9 de ses plumes, la libert\u00e9 de son vol \u2026 L\u2019oiseau fascine &hellip; <a href=\"https:\/\/musee-aaa.com\/?page_id=762\">Continuer la lecture <span class=\"meta-nav\">&rarr;<\/span><\/a><\/p>\n","protected":false},"author":1,"featured_media":0,"parent":0,"menu_order":0,"comment_status":"closed","ping_status":"closed","template":"","meta":[],"_links":{"self":[{"href":"https:\/\/musee-aaa.com\/index.php?rest_route=\/wp\/v2\/pages\/762"}],"collection":[{"href":"https:\/\/musee-aaa.com\/index.php?rest_route=\/wp\/v2\/pages"}],"about":[{"href":"https:\/\/musee-aaa.com\/index.php?rest_route=\/wp\/v2\/types\/page"}],"author":[{"embeddable":true,"href":"https:\/\/musee-aaa.com\/index.php?rest_route=\/wp\/v2\/users\/1"}],"replies":[{"embeddable":true,"href":"https:\/\/musee-aaa.com\/index.php?rest_route=%2Fwp%2Fv2%2Fcomments&post=762"}],"version-history":[{"count":18,"href":"https:\/\/musee-aaa.com\/index.php?rest_route=\/wp\/v2\/pages\/762\/revisions"}],"predecessor-version":[{"id":1471,"href":"https:\/\/musee-aaa.com\/index.php?rest_route=\/wp\/v2\/pages\/762\/revisions\/1471"}],"wp:attachment":[{"href":"https:\/\/musee-aaa.com\/index.php?rest_route=%2Fwp%2Fv2%2Fmedia&parent=762"}],"curies":[{"name":"wp","href":"https:\/\/api.w.org\/{rel}","templated":true}]}}