{"id":764,"date":"2014-02-17T16:02:04","date_gmt":"2014-02-17T16:02:04","guid":{"rendered":"http:\/\/musee-aaa.com\/?page_id=764"},"modified":"2017-03-30T16:07:32","modified_gmt":"2017-03-30T16:07:32","slug":"peintures-mithila-2","status":"publish","type":"page","link":"https:\/\/musee-aaa.com\/?page_id=764","title":{"rendered":"Peintures Mithila"},"content":{"rendered":"<p><strong><img loading=\"lazy\" class=\"alignnone size-full wp-image-781\" src=\"https:\/\/musee-aaa.com\/wp-content\/uploads\/mithila1.jpg\" alt=\"mithila\" width=\"490\" height=\"357\" \/><\/strong><\/p>\n<p style=\"text-align: left;\"><strong>Les peintures des femmes Mithila.<br \/>\nDonation Jean et Monique Saucet, 2013.<\/strong><\/p>\n<p style=\"text-align: left;\"><strong>Une culture ancestrale. <\/strong><br \/>\nL\u2019art Mithila appartient \u00e0 la culture traditionnelle de l\u2019Inde. Depuis 3 000 ans, les femmes Mithila \u2013 et seulement les femmes ! \u2013 peignent. Chaque dessin est un rituel religieux, une entr\u00e9e en m\u00e9ditation pour inviter le dieu et s\u2019attirer sa protection. Les peintures, \u00e9ph\u00e9m\u00e8res, ornaient autrefois les murs des maisons.<br \/>\nLa peinture Mithila comme art contemporain, est n\u00e9e pendant la crise \u00e9conomique qui frappa l\u2019Inde en 1966\u20131968. Le gouvernement encouragea alors les artistes \u00e0 peindre sur des supports papier.<\/p>\n","protected":false},"excerpt":{"rendered":"<p>Les peintures des femmes Mithila. Donation Jean et Monique Saucet, 2013. Une culture ancestrale. L\u2019art Mithila appartient \u00e0 la culture traditionnelle de l\u2019Inde. Depuis 3 000 ans, les femmes Mithila \u2013 et seulement les femmes ! \u2013 peignent. Chaque dessin &hellip; <a href=\"https:\/\/musee-aaa.com\/?page_id=764\">Continuer la lecture <span class=\"meta-nav\">&rarr;<\/span><\/a><\/p>\n","protected":false},"author":1,"featured_media":0,"parent":0,"menu_order":0,"comment_status":"closed","ping_status":"closed","template":"","meta":[],"_links":{"self":[{"href":"https:\/\/musee-aaa.com\/index.php?rest_route=\/wp\/v2\/pages\/764"}],"collection":[{"href":"https:\/\/musee-aaa.com\/index.php?rest_route=\/wp\/v2\/pages"}],"about":[{"href":"https:\/\/musee-aaa.com\/index.php?rest_route=\/wp\/v2\/types\/page"}],"author":[{"embeddable":true,"href":"https:\/\/musee-aaa.com\/index.php?rest_route=\/wp\/v2\/users\/1"}],"replies":[{"embeddable":true,"href":"https:\/\/musee-aaa.com\/index.php?rest_route=%2Fwp%2Fv2%2Fcomments&post=764"}],"version-history":[{"count":5,"href":"https:\/\/musee-aaa.com\/index.php?rest_route=\/wp\/v2\/pages\/764\/revisions"}],"predecessor-version":[{"id":1474,"href":"https:\/\/musee-aaa.com\/index.php?rest_route=\/wp\/v2\/pages\/764\/revisions\/1474"}],"wp:attachment":[{"href":"https:\/\/musee-aaa.com\/index.php?rest_route=%2Fwp%2Fv2%2Fmedia&parent=764"}],"curies":[{"name":"wp","href":"https:\/\/api.w.org\/{rel}","templated":true}]}}