{"id":92,"date":"2012-05-04T12:02:28","date_gmt":"2012-05-04T12:02:28","guid":{"rendered":"http:\/\/musee-aaa.com\/?page_id=92"},"modified":"2026-04-14T14:39:50","modified_gmt":"2026-04-14T14:39:50","slug":"contacts","status":"publish","type":"page","link":"https:\/\/musee-aaa.com\/?page_id=92","title":{"rendered":"Contacts"},"content":{"rendered":"\n<figure class=\"wp-block-image size-large\"><img loading=\"lazy\" width=\"678\" height=\"442\" src=\"https:\/\/musee-aaa.com\/wp-content\/uploads\/musee-art-afrique-asie-vichy-678x442.jpg\" alt=\"\" class=\"wp-image-66\" srcset=\"https:\/\/musee-aaa.com\/wp-content\/uploads\/musee-art-afrique-asie-vichy-678x442.jpg 678w, https:\/\/musee-aaa.com\/wp-content\/uploads\/musee-art-afrique-asie-vichy-490x319.jpg 490w, https:\/\/musee-aaa.com\/wp-content\/uploads\/musee-art-afrique-asie-vichy-460x300.jpg 460w, https:\/\/musee-aaa.com\/wp-content\/uploads\/musee-art-afrique-asie-vichy.jpg 1000w\" sizes=\"(max-width: 678px) 100vw, 678px\" \/><\/figure>\n\n\n<p><strong>Mus\u00e9e des Arts d\u2019Afrique et d\u2019Asie<\/strong><br \/><strong>16 avenue Thermale 03200 Vichy<\/strong><br \/><strong>04 70 97 76 40<\/strong><\/p>\n<p>Contact : Marie-Line Therre &#8211; Charg\u00e9e des collections<br \/>Courrier : Mus\u00e9e AAA &#8211; 11 rue Mounin &#8211; 03200 Vichy<br \/>T\u00e9l : <strong>04 70 97 76 40<\/strong> &#8211; Fax : 04 70 96 0134<br \/>Courriel : musee-aaa@wanadoo.fr<\/p>\n<p>\u00a0<\/p>\n<p>\u00a0<\/p>\n<p>\u00a0<\/p>\n<p>\u00a0<\/p>\n<p>\u00a0<\/p>\n<p>\u00a0<\/p>\n<p>\u00a0<\/p>\n<p>\u00a0<\/p>\n<p>\u00a0<\/p>\n\n","protected":false},"excerpt":{"rendered":"<p>Mus\u00e9e des Arts d\u2019Afrique et d\u2019Asie16 avenue Thermale 03200 Vichy04 70 97 76 40 Contact : Marie-Line Therre &#8211; Charg\u00e9e des collectionsCourrier : Mus\u00e9e AAA &#8211; 11 rue Mounin &#8211; 03200 VichyT\u00e9l : 04 70 97 76 40 &#8211; Fax &hellip; <a href=\"https:\/\/musee-aaa.com\/?page_id=92\">Continuer la lecture <span class=\"meta-nav\">&rarr;<\/span><\/a><\/p>\n","protected":false},"author":1,"featured_media":0,"parent":0,"menu_order":0,"comment_status":"closed","ping_status":"closed","template":"","meta":[],"_links":{"self":[{"href":"https:\/\/musee-aaa.com\/index.php?rest_route=\/wp\/v2\/pages\/92"}],"collection":[{"href":"https:\/\/musee-aaa.com\/index.php?rest_route=\/wp\/v2\/pages"}],"about":[{"href":"https:\/\/musee-aaa.com\/index.php?rest_route=\/wp\/v2\/types\/page"}],"author":[{"embeddable":true,"href":"https:\/\/musee-aaa.com\/index.php?rest_route=\/wp\/v2\/users\/1"}],"replies":[{"embeddable":true,"href":"https:\/\/musee-aaa.com\/index.php?rest_route=%2Fwp%2Fv2%2Fcomments&post=92"}],"version-history":[{"count":32,"href":"https:\/\/musee-aaa.com\/index.php?rest_route=\/wp\/v2\/pages\/92\/revisions"}],"predecessor-version":[{"id":2687,"href":"https:\/\/musee-aaa.com\/index.php?rest_route=\/wp\/v2\/pages\/92\/revisions\/2687"}],"wp:attachment":[{"href":"https:\/\/musee-aaa.com\/index.php?rest_route=%2Fwp%2Fv2%2Fmedia&parent=92"}],"curies":[{"name":"wp","href":"https:\/\/api.w.org\/{rel}","templated":true}]}}