{"id":969,"date":"2015-03-20T15:11:46","date_gmt":"2015-03-20T15:11:46","guid":{"rendered":"http:\/\/musee-aaa.com\/?page_id=969"},"modified":"2017-03-30T16:04:27","modified_gmt":"2017-03-30T16:04:27","slug":"himalaya-tribal","status":"publish","type":"page","link":"https:\/\/musee-aaa.com\/?page_id=969","title":{"rendered":"Himalaya tribal"},"content":{"rendered":"<p style=\"text-align: left;\"><em><img loading=\"lazy\" class=\"alignnone size-full wp-image-970\" src=\"https:\/\/musee-aaa.com\/wp-content\/uploads\/himalaya-tribal.jpg\" alt=\"himalaya-tribal\" width=\"490\" height=\"789\" srcset=\"https:\/\/musee-aaa.com\/wp-content\/uploads\/himalaya-tribal.jpg 490w, https:\/\/musee-aaa.com\/wp-content\/uploads\/himalaya-tribal-186x300.jpg 186w\" sizes=\"(max-width: 490px) 100vw, 490px\" \/><\/em><br \/>\n<em> Masque de citipati. Collection Jean Rosain. Ca 18-19\u00e8me si\u00e8cle, monast\u00e8re de Kirong, Tibet, bois, H :\u00a023.5 cm. Copyright Bertrand Holsnyder.<\/em><\/p>\n<p style=\"text-align: left;\"><span style=\"font-size: large;\"><strong>Exposition temporaire 2015.<br \/>\n<\/strong><\/span><strong>Des pr\u00eats de mus\u00e9es et de collections particuli\u00e8res rassembl\u00e9s pour la premi\u00e8re fois \u00e0 Vichy.\u00a0<\/strong><span style=\"font-size: large;\"><strong><br \/>\n<\/strong><\/span><\/p>\n<p style=\"text-align: left;\">Atteindre l\u2019Himalaya, c\u2019est prendre de la hauteur et regarder la complexit\u00e9 du monde. Car toutes les soci\u00e9t\u00e9s humaines sont multiculturelles et m\u00e9tiss\u00e9es.<\/p>\n<p style=\"text-align: left;\">Les dieux se sont rencontr\u00e9s sur le toit du monde. Sur\u00a0un immense territoire couvrant plusieurs pays, l\u2019Inde du Nord, le N\u00e9pal, le Bhoutan, le Tibet. La diversit\u00e9 des peuples himalayens suit les paysages\u00a0: les vall\u00e9es isol\u00e9es, le cloisonnement des montagnes, mais aussi les vall\u00e9es devenues voies commerciales et foyers de culture.<\/p>\n<p style=\"text-align: left;\">Les religions ont fusionn\u00e9. Vishnu et Bouddha ont rejoint les dieux tribaux pour chasser les d\u00e9mons qui s\u2019attardent au printemps\u00a0dans les villages. Le sacr\u00e9 est pr\u00e9sent dans chaque parcelle de la nature\u00a0; le chaman r\u00e9tablit\u00a0l\u2019ordre en parcourant les mondes visible et invisible.<br \/>\nPlus haut, au Tibet, les dieux bouddhiques ont deux visages, une face paisible et une face courrouc\u00e9e pour qui oserait s\u2019en prendre \u00e0 l\u2019\u00e9quilibre de l\u2019univers.<\/p>\n<p style=\"text-align: left;\"><em><strong>Himalaya tribal<\/strong><\/em> pr\u00e9sente des masques, des sculptures, des bijoux, des objets de chaman qui t\u00e9moignent de ces croyances complexes. Cet art m\u00e9connu, d\u00e9couvert dans les ann\u00e9es 60, est un art vivant.<br \/>\nLes objets racontent les mythes fondateurs, les danses et les f\u00eates saisonni\u00e8res, les rites fun\u00e9raires ou magiques. Des traditions et des savoirs d\u2019une partie de notre humanit\u00e9.<\/p>\n<p style=\"text-align: left;\">Avec la participation de la Galerie Le Toit du Monde, du\u00a0Mus\u00e9e des Confluences de Lyon, de collectionneurs particuliers et de Antik Himalayart.<\/p>\n<p style=\"text-align: left;\"><strong>Commissariat d\u2019exposition\u00a0:<\/strong> Fran\u00e7ois Pannier, sp\u00e9cialiste des arts himalayens\u00a0et Mus\u00e9e des arts d\u2019Afrique et d\u2019Asie<\/p>\n<p style=\"text-align: justify;\"><img loading=\"lazy\" class=\"alignnone wp-image-982\" src=\"https:\/\/musee-aaa.com\/wp-content\/uploads\/logo-toit-du-monde.jpg\" alt=\"logo toit du monde\" width=\"97\" height=\"72\" \/><\/p>\n","protected":false},"excerpt":{"rendered":"<p>Masque de citipati. Collection Jean Rosain. Ca 18-19\u00e8me si\u00e8cle, monast\u00e8re de Kirong, Tibet, bois, H :\u00a023.5 cm. Copyright Bertrand Holsnyder. Exposition temporaire 2015. Des pr\u00eats de mus\u00e9es et de collections particuli\u00e8res rassembl\u00e9s pour la premi\u00e8re fois \u00e0 Vichy.\u00a0 Atteindre l\u2019Himalaya, &hellip; <a href=\"https:\/\/musee-aaa.com\/?page_id=969\">Continuer la lecture <span class=\"meta-nav\">&rarr;<\/span><\/a><\/p>\n","protected":false},"author":1,"featured_media":0,"parent":0,"menu_order":0,"comment_status":"closed","ping_status":"closed","template":"","meta":[],"_links":{"self":[{"href":"https:\/\/musee-aaa.com\/index.php?rest_route=\/wp\/v2\/pages\/969"}],"collection":[{"href":"https:\/\/musee-aaa.com\/index.php?rest_route=\/wp\/v2\/pages"}],"about":[{"href":"https:\/\/musee-aaa.com\/index.php?rest_route=\/wp\/v2\/types\/page"}],"author":[{"embeddable":true,"href":"https:\/\/musee-aaa.com\/index.php?rest_route=\/wp\/v2\/users\/1"}],"replies":[{"embeddable":true,"href":"https:\/\/musee-aaa.com\/index.php?rest_route=%2Fwp%2Fv2%2Fcomments&post=969"}],"version-history":[{"count":17,"href":"https:\/\/musee-aaa.com\/index.php?rest_route=\/wp\/v2\/pages\/969\/revisions"}],"predecessor-version":[{"id":1468,"href":"https:\/\/musee-aaa.com\/index.php?rest_route=\/wp\/v2\/pages\/969\/revisions\/1468"}],"wp:attachment":[{"href":"https:\/\/musee-aaa.com\/index.php?rest_route=%2Fwp%2Fv2%2Fmedia&parent=969"}],"curies":[{"name":"wp","href":"https:\/\/api.w.org\/{rel}","templated":true}]}}